{"id":51,"date":"2023-01-29T11:25:28","date_gmt":"2023-01-29T11:25:28","guid":{"rendered":"https:\/\/doctorantoniogonzalez.com\/contact-us\/"},"modified":"2023-04-05T20:37:54","modified_gmt":"2023-04-05T20:37:54","slug":"contacto","status":"publish","type":"page","link":"https:\/\/doctorantoniogonzalez.com\/en\/contacto\/","title":{"rendered":"Contact"},"content":{"rendered":"\t\t<div data-elementor-type=\"wp-page\" data-elementor-id=\"51\" class=\"elementor elementor-51\" data-elementor-post-type=\"page\">\n\t\t\t\t\t\t<section class=\"elementor-section elementor-top-section elementor-element elementor-element-775b283d elementor-section-height-min-height elementor-section-items-stretch elementor-section-boxed elementor-section-height-default\" data-id=\"775b283d\" data-element_type=\"section\" data-e-type=\"section\" data-settings=\"{&quot;background_background&quot;:&quot;classic&quot;}\">\n\t\t\t\t\t\t<div class=\"elementor-container elementor-column-gap-default\">\n\t\t\t\t\t<div class=\"elementor-column elementor-col-50 elementor-top-column elementor-element elementor-element-b301f68\" data-id=\"b301f68\" data-element_type=\"column\" data-e-type=\"column\">\n\t\t\t<div class=\"elementor-widget-wrap elementor-element-populated\">\n\t\t\t\t\t\t<div class=\"elementor-element elementor-element-62b1ca1d elementor-widget elementor-widget-heading\" data-id=\"62b1ca1d\" data-element_type=\"widget\" data-e-type=\"widget\" data-widget_type=\"heading.default\">\n\t\t\t\t<div class=\"elementor-widget-container\">\n\t\t\t\t\t<h1 class=\"elementor-heading-title elementor-size-default\">CONT\u00e1ctame\n<\/h1>\t\t\t\t<\/div>\n\t\t\t\t<\/div>\n\t\t\t\t\t<\/div>\n\t\t<\/div>\n\t\t\t\t<div class=\"elementor-column elementor-col-50 elementor-top-column elementor-element elementor-element-1e40bb7\" data-id=\"1e40bb7\" data-element_type=\"column\" data-e-type=\"column\">\n\t\t\t<div class=\"elementor-widget-wrap\">\n\t\t\t\t\t\t\t<\/div>\n\t\t<\/div>\n\t\t\t\t\t<\/div>\n\t\t<\/section>\n\t\t\t\t<section class=\"elementor-section elementor-top-section elementor-element elementor-element-d51de88 elementor-section-boxed elementor-section-height-default elementor-section-height-default\" data-id=\"d51de88\" data-element_type=\"section\" data-e-type=\"section\">\n\t\t\t\t\t\t<div class=\"elementor-container elementor-column-gap-default\">\n\t\t\t\t\t<div class=\"elementor-column elementor-col-100 elementor-top-column elementor-element elementor-element-7ef3daee\" data-id=\"7ef3daee\" data-element_type=\"column\" data-e-type=\"column\">\n\t\t\t<div class=\"elementor-widget-wrap elementor-element-populated\">\n\t\t\t\t\t\t<section class=\"elementor-section elementor-inner-section elementor-element elementor-element-67cdb508 elementor-section-boxed elementor-section-height-default elementor-section-height-default\" data-id=\"67cdb508\" data-element_type=\"section\" data-e-type=\"section\">\n\t\t\t\t\t\t<div class=\"elementor-container elementor-column-gap-default\">\n\t\t\t\t\t<div class=\"elementor-column elementor-col-100 elementor-inner-column elementor-element elementor-element-70898056\" data-id=\"70898056\" data-element_type=\"column\" data-e-type=\"column\">\n\t\t\t<div class=\"elementor-widget-wrap elementor-element-populated\">\n\t\t\t\t\t\t<div class=\"elementor-element elementor-element-e9f4e01 elementor-widget elementor-widget-heading\" data-id=\"e9f4e01\" data-element_type=\"widget\" data-e-type=\"widget\" data-widget_type=\"heading.default\">\n\t\t\t\t<div class=\"elementor-widget-container\">\n\t\t\t\t\t<h2 class=\"elementor-heading-title elementor-size-default\">Cont\u00e1ctenos directamente para obtener m\u00e1s informaci\u00f3n o deje un mensaje a continuaci\u00f3n y nos pondremos en contacto con usted lo antes posible<\/h2>\t\t\t\t<\/div>\n\t\t\t\t<\/div>\n\t\t\t\t\t<\/div>\n\t\t<\/div>\n\t\t\t\t\t<\/div>\n\t\t<\/section>\n\t\t\t\t<section class=\"elementor-section elementor-inner-section elementor-element elementor-element-4926816b elementor-section-boxed elementor-section-height-default elementor-section-height-default\" data-id=\"4926816b\" data-element_type=\"section\" data-e-type=\"section\">\n\t\t\t\t\t\t<div class=\"elementor-container elementor-column-gap-default\">\n\t\t\t\t\t<div class=\"elementor-column elementor-col-33 elementor-inner-column elementor-element elementor-element-64347ffb\" data-id=\"64347ffb\" data-element_type=\"column\" data-e-type=\"column\">\n\t\t\t<div class=\"elementor-widget-wrap elementor-element-populated\">\n\t\t\t\t\t\t<div class=\"elementor-element elementor-element-8e5be4d elementor-widget elementor-widget-image\" data-id=\"8e5be4d\" data-element_type=\"widget\" data-e-type=\"widget\" data-widget_type=\"image.default\">\n\t\t\t\t<div class=\"elementor-widget-container\">\n\t\t\t\t\t\t\t\t\t\t\t\t\t\t\t<img fetchpriority=\"high\" decoding=\"async\" width=\"400\" height=\"190\" src=\"https:\/\/doctorantoniogonzalez.com\/wp-content\/uploads\/2023\/01\/logo-santa-elena_blanco.png\" class=\"attachment-large size-large wp-image-436\" alt=\"\" srcset=\"https:\/\/doctorantoniogonzalez.com\/wp-content\/uploads\/2023\/01\/logo-santa-elena_blanco.png 400w, https:\/\/doctorantoniogonzalez.com\/wp-content\/uploads\/2023\/01\/logo-santa-elena_blanco-300x143.png 300w\" sizes=\"(max-width: 400px) 100vw, 400px\" \/>\t\t\t\t\t\t\t\t\t\t\t\t\t\t\t<\/div>\n\t\t\t\t<\/div>\n\t\t\t\t\t<\/div>\n\t\t<\/div>\n\t\t\t\t<div class=\"elementor-column elementor-col-33 elementor-inner-column elementor-element elementor-element-16b995c3\" data-id=\"16b995c3\" data-element_type=\"column\" data-e-type=\"column\">\n\t\t\t<div class=\"elementor-widget-wrap elementor-element-populated\">\n\t\t\t\t\t\t<div class=\"elementor-element elementor-element-1e6e426b elementor-widget elementor-widget-heading\" data-id=\"1e6e426b\" data-element_type=\"widget\" data-e-type=\"widget\" data-widget_type=\"heading.default\">\n\t\t\t\t<div class=\"elementor-widget-container\">\n\t\t\t\t\t<h3 class=\"elementor-heading-title elementor-size-default\">Direcci\u00f3n<\/h3>\t\t\t\t<\/div>\n\t\t\t\t<\/div>\n\t\t\t\t<div class=\"elementor-element elementor-element-29d0b650 elementor-widget elementor-widget-heading\" data-id=\"29d0b650\" data-element_type=\"widget\" data-e-type=\"widget\" data-widget_type=\"heading.default\">\n\t\t\t\t<div class=\"elementor-widget-container\">\n\t\t\t\t\t<h3 class=\"elementor-heading-title elementor-size-default\">Hospital Internacional<br>\nHM  Santa Elena<\/h3>\t\t\t\t<\/div>\n\t\t\t\t<\/div>\n\t\t\t\t<div class=\"elementor-element elementor-element-321fd31 elementor-widget elementor-widget-text-editor\" data-id=\"321fd31\" data-element_type=\"widget\" data-e-type=\"widget\" data-widget_type=\"text-editor.default\">\n\t\t\t\t<div class=\"elementor-widget-container\">\n\t\t\t\t\t\t\t\t\t<p>Urbanizaci\u00f3n Los \u00c1lamos<br \/>C\/ Sardinero s\/n Torremolinos, M\u00e1laga<\/p>\t\t\t\t\t\t\t\t<\/div>\n\t\t\t\t<\/div>\n\t\t\t\t\t<\/div>\n\t\t<\/div>\n\t\t\t\t<div class=\"elementor-column elementor-col-33 elementor-inner-column elementor-element elementor-element-bfa5871\" data-id=\"bfa5871\" data-element_type=\"column\" data-e-type=\"column\">\n\t\t\t<div class=\"elementor-widget-wrap elementor-element-populated\">\n\t\t\t\t\t\t<div class=\"elementor-element elementor-element-5bbdbbb2 elementor-widget elementor-widget-heading\" data-id=\"5bbdbbb2\" data-element_type=\"widget\" data-e-type=\"widget\" data-widget_type=\"heading.default\">\n\t\t\t\t<div class=\"elementor-widget-container\">\n\t\t\t\t\t<h3 class=\"elementor-heading-title elementor-size-default\">Tel\u00e9fonos<\/h3>\t\t\t\t<\/div>\n\t\t\t\t<\/div>\n\t\t\t\t<div class=\"elementor-element elementor-element-445b5432 elementor-widget elementor-widget-text-editor\" data-id=\"445b5432\" data-element_type=\"widget\" data-e-type=\"widget\" data-widget_type=\"text-editor.default\">\n\t\t\t\t<div class=\"elementor-widget-container\">\n\t\t\t\t\t\t\t\t\t<p>952 14 11 33 \/ 952 38 55 55<\/p>\t\t\t\t\t\t\t\t<\/div>\n\t\t\t\t<\/div>\n\t\t\t\t\t<\/div>\n\t\t<\/div>\n\t\t\t\t\t<\/div>\n\t\t<\/section>\n\t\t\t\t<div class=\"elementor-element elementor-element-44e4061f elementor-widget__width-auto elementor-absolute elementor-view-default elementor-widget elementor-widget-icon\" data-id=\"44e4061f\" data-element_type=\"widget\" data-e-type=\"widget\" data-settings=\"{&quot;_position&quot;:&quot;absolute&quot;}\" data-widget_type=\"icon.default\">\n\t\t\t\t<div class=\"elementor-widget-container\">\n\t\t\t\t\t\t\t<div class=\"elementor-icon-wrapper\">\n\t\t\t<div class=\"elementor-icon\">\n\t\t\t<svg xmlns=\"http:\/\/www.w3.org\/2000\/svg\" id=\"a72f1db4-4b9f-4cbc-ac4c-a54efeaf8336\" data-name=\"Layer 1\" width=\"100\" height=\"100\" viewBox=\"0 0 100 100\"><title>Shape<\/title><path id=\"aecdc5f9-a79f-465f-8b06-186d589ccd57\" data-name=\"Shape\" d=\"M0,100V0H50V50h50v50Z\" style=\"fill-rule:evenodd\"><\/path><\/svg>\t\t\t<\/div>\n\t\t<\/div>\n\t\t\t\t\t\t<\/div>\n\t\t\t\t<\/div>\n\t\t\t\t\t<\/div>\n\t\t<\/div>\n\t\t\t\t\t<\/div>\n\t\t<\/section>\n\t\t\t\t<section class=\"elementor-section elementor-top-section elementor-element elementor-element-eb2653b elementor-section-boxed elementor-section-height-default elementor-section-height-default\" data-id=\"eb2653b\" data-element_type=\"section\" data-e-type=\"section\">\n\t\t\t\t\t\t<div class=\"elementor-container elementor-column-gap-default\">\n\t\t\t\t\t<div class=\"elementor-column elementor-col-66 elementor-top-column elementor-element elementor-element-7dd80832\" data-id=\"7dd80832\" data-element_type=\"column\" data-e-type=\"column\">\n\t\t\t<div class=\"elementor-widget-wrap elementor-element-populated\">\n\t\t\t\t\t\t<section class=\"elementor-section elementor-inner-section elementor-element elementor-element-4e80b3 elementor-section-height-min-height elementor-section-boxed elementor-section-height-default\" data-id=\"4e80b3\" data-element_type=\"section\" data-e-type=\"section\">\n\t\t\t\t\t\t<div class=\"elementor-container elementor-column-gap-default\">\n\t\t\t\t\t<div class=\"elementor-column elementor-col-100 elementor-inner-column elementor-element elementor-element-2b225f7d\" data-id=\"2b225f7d\" data-element_type=\"column\" data-e-type=\"column\" data-settings=\"{&quot;background_background&quot;:&quot;classic&quot;}\">\n\t\t\t<div class=\"elementor-widget-wrap elementor-element-populated\">\n\t\t\t\t\t\t<div class=\"elementor-element elementor-element-6c93e614 elementor-widget elementor-widget-heading\" data-id=\"6c93e614\" data-element_type=\"widget\" data-e-type=\"widget\" data-widget_type=\"heading.default\">\n\t\t\t\t<div class=\"elementor-widget-container\">\n\t\t\t\t\t<h3 class=\"elementor-heading-title elementor-size-default\">Escr\u00edbame con su consulta<\/h3>\t\t\t\t<\/div>\n\t\t\t\t<\/div>\n\t\t\t\t<div class=\"elementor-element elementor-element-761a4ccb elementor-button-align-end elementor-mobile-button-align-stretch elementor-widget elementor-widget-form\" data-id=\"761a4ccb\" data-element_type=\"widget\" data-e-type=\"widget\" data-settings=\"{&quot;button_width_mobile&quot;:&quot;100&quot;,&quot;step_next_label&quot;:&quot;Siguiente&quot;,&quot;step_previous_label&quot;:&quot;Anterior&quot;,&quot;step_type&quot;:&quot;number_text&quot;,&quot;step_icon_shape&quot;:&quot;circle&quot;}\" data-widget_type=\"form.default\">\n\t\t\t\t<div class=\"elementor-widget-container\">\n\t\t\t\t\t\t\t<form class=\"elementor-form\" method=\"post\" name=\"New Form\" aria-label=\"New Form\">\n\t\t\t<input type=\"hidden\" name=\"post_id\" value=\"51\"\/>\n\t\t\t<input type=\"hidden\" name=\"form_id\" value=\"761a4ccb\"\/>\n\t\t\t<input type=\"hidden\" name=\"referer_title\" value=\"Contacto - Doctor Gonz\u00e1lez\" \/>\n\n\t\t\t\t\t\t\t<input type=\"hidden\" name=\"queried_id\" value=\"51\"\/>\n\t\t\t\n\t\t\t<div class=\"elementor-form-fields-wrapper elementor-labels-\">\n\t\t\t\t\t\t\t\t<div class=\"elementor-field-type-text elementor-field-group elementor-column elementor-field-group-email elementor-col-50 elementor-field-required\">\n\t\t\t\t\t\t\t\t\t\t\t\t\t<input size=\"1\" type=\"text\" name=\"form_fields[email]\" id=\"form-field-email\" class=\"elementor-field elementor-size-sm  elementor-field-textual\" placeholder=\"Nombre\" required=\"required\">\n\t\t\t\t\t\t\t\t\t\t\t<\/div>\n\t\t\t\t\t\t\t\t<div class=\"elementor-field-type-text elementor-field-group elementor-column elementor-field-group-field_a074beb elementor-col-50 elementor-field-required\">\n\t\t\t\t\t\t\t\t\t\t\t\t\t<input size=\"1\" type=\"text\" name=\"form_fields[field_a074beb]\" id=\"form-field-field_a074beb\" class=\"elementor-field elementor-size-sm  elementor-field-textual\" placeholder=\"Apellidos\" required=\"required\">\n\t\t\t\t\t\t\t\t\t\t\t<\/div>\n\t\t\t\t\t\t\t\t<div class=\"elementor-field-type-tel elementor-field-group elementor-column elementor-field-group-field_6f7b0a2 elementor-col-50 elementor-field-required\">\n\t\t\t\t\t\t\t<input size=\"1\" type=\"tel\" name=\"form_fields[field_6f7b0a2]\" id=\"form-field-field_6f7b0a2\" class=\"elementor-field elementor-size-sm  elementor-field-textual\" placeholder=\"Tel\u00e9fono\" required=\"required\" pattern=\"[0-9()#&amp;+*-=.]+\" title=\"Solo se aceptan n\u00fameros y caracteres de tel\u00e9fono (#,-,*,etc).\">\n\n\t\t\t\t\t\t<\/div>\n\t\t\t\t\t\t\t\t<div class=\"elementor-field-type-email elementor-field-group elementor-column elementor-field-group-field_ded525d elementor-col-50 elementor-field-required\">\n\t\t\t\t\t\t\t\t\t\t\t\t\t<input size=\"1\" type=\"email\" name=\"form_fields[field_ded525d]\" id=\"form-field-field_ded525d\" class=\"elementor-field elementor-size-sm  elementor-field-textual\" placeholder=\"Email\" required=\"required\">\n\t\t\t\t\t\t\t\t\t\t\t<\/div>\n\t\t\t\t\t\t\t\t<div class=\"elementor-field-type-textarea elementor-field-group elementor-column elementor-field-group-field_e389c4e elementor-col-100 elementor-field-required\">\n\t\t\t\t\t<textarea class=\"elementor-field-textual elementor-field  elementor-size-sm\" name=\"form_fields[field_e389c4e]\" id=\"form-field-field_e389c4e\" rows=\"5\" placeholder=\"Su mensaje\" required=\"required\"><\/textarea>\t\t\t\t<\/div>\n\t\t\t\t\t\t\t\t<div class=\"elementor-field-type-recaptcha_v3 elementor-field-group elementor-column elementor-field-group-field_df6d285 elementor-col-100 recaptcha_v3-inline\">\n\t\t\t\t\t<div class=\"elementor-field\" id=\"form-field-field_df6d285\"><div class=\"elementor-g-recaptcha\" data-sitekey=\"6LcgrR4lAAAAAMa-IFDPu0tSQfMHIlzZ0OEIKr-A\" data-type=\"v3\" data-action=\"Form\" data-badge=\"inline\" data-size=\"invisible\"><\/div><\/div>\t\t\t\t<\/div>\n\t\t\t\t\t\t\t\t<div class=\"elementor-field-group elementor-column elementor-field-type-submit elementor-col-100 e-form__buttons elementor-sm-100\">\n\t\t\t\t\t<button class=\"elementor-button elementor-size-sm\" type=\"submit\">\n\t\t\t\t\t\t<span class=\"elementor-button-content-wrapper\">\n\t\t\t\t\t\t\t\t\t\t\t\t\t\t\t\t\t\t\t\t\t\t<span class=\"elementor-button-text\">Enviar<\/span>\n\t\t\t\t\t\t\t\t\t\t\t\t\t<\/span>\n\t\t\t\t\t<\/button>\n\t\t\t\t<\/div>\n\t\t\t<\/div>\n\t\t<\/form>\n\t\t\t\t\t\t<\/div>\n\t\t\t\t<\/div>\n\t\t\t\t\t<\/div>\n\t\t<\/div>\n\t\t\t\t\t<\/div>\n\t\t<\/section>\n\t\t\t\t\t<\/div>\n\t\t<\/div>\n\t\t\t\t<div class=\"elementor-column elementor-col-33 elementor-top-column elementor-element elementor-element-43a3dbb\" data-id=\"43a3dbb\" data-element_type=\"column\" data-e-type=\"column\">\n\t\t\t<div class=\"elementor-widget-wrap elementor-element-populated\">\n\t\t\t\t\t\t<div class=\"elementor-element elementor-element-2d4c1bec elementor-widget elementor-widget-google_maps\" data-id=\"2d4c1bec\" data-element_type=\"widget\" data-e-type=\"widget\" data-widget_type=\"google_maps.default\">\n\t\t\t\t<div class=\"elementor-widget-container\">\n\t\t\t\t\t\t\t<div class=\"elementor-custom-embed\">\n\t\t\t<iframe loading=\"lazy\"\n\t\t\t\t\tsrc=\"https:\/\/maps.google.com\/maps?q=C%2F%20Sardinero%20s%2Fn%20Torremolinos%2C%20M%C3%A1laga&#038;t=m&#038;z=14&#038;output=embed&#038;iwloc=near\"\n\t\t\t\t\ttitle=\"C\/ Sardinero s\/n Torremolinos, M\u00e1laga\"\n\t\t\t\t\taria-label=\"C\/ Sardinero s\/n Torremolinos, M\u00e1laga\"\n\t\t\t><\/iframe>\n\t\t<\/div>\n\t\t\t\t\t\t<\/div>\n\t\t\t\t<\/div>\n\t\t\t\t<div class=\"elementor-element elementor-element-2fc62860 elementor-widget__width-auto elementor-view-default elementor-widget elementor-widget-icon\" data-id=\"2fc62860\" data-element_type=\"widget\" data-e-type=\"widget\" data-widget_type=\"icon.default\">\n\t\t\t\t<div class=\"elementor-widget-container\">\n\t\t\t\t\t\t\t<div class=\"elementor-icon-wrapper\">\n\t\t\t<div class=\"elementor-icon\">\n\t\t\t<i aria-hidden=\"true\" class=\"fas fa-square-full\"><\/i>\t\t\t<\/div>\n\t\t<\/div>\n\t\t\t\t\t\t<\/div>\n\t\t\t\t<\/div>\n\t\t\t\t\t<\/div>\n\t\t<\/div>\n\t\t\t\t\t<\/div>\n\t\t<\/section>\n\t\t\t\t<\/div>\n\t\t","protected":false},"excerpt":{"rendered":"<p>Contact me Contact us directly for more information or leave a message below and we will get back to you as soon as possible Address Hospital Internacional HM Santa Elena Urbanizaci\u00f3n Los \u00c1lamosC\/ Sardinero s\/n Torremolinos, M\u00e1laga Phone 952 14 11 33 \/ 952 38 55 55 Shape Write to me with your query<\/p>","protected":false},"author":1,"featured_media":0,"parent":0,"menu_order":0,"comment_status":"closed","ping_status":"closed","template":"elementor_header_footer","meta":{"footnotes":""},"class_list":["post-51","page","type-page","status-publish","hentry"],"yoast_head":"<!-- This site is optimized with the Yoast SEO plugin v27.4 - https:\/\/yoast.com\/product\/yoast-seo-wordpress\/ -->\n<title>Contacto - Doctor Gonz\u00e1lez<\/title>\n<meta name=\"robots\" content=\"index, follow, max-snippet:-1, max-image-preview:large, max-video-preview:-1\" \/>\n<link rel=\"canonical\" href=\"https:\/\/doctorantoniogonzalez.com\/en\/contacto\/\" \/>\n<meta property=\"og:locale\" content=\"en_GB\" \/>\n<meta property=\"og:type\" content=\"article\" \/>\n<meta property=\"og:title\" content=\"Contacto - Doctor Gonz\u00e1lez\" \/>\n<meta property=\"og:description\" content=\"CONT\u00e1ctame Cont\u00e1ctenos directamente para obtener m\u00e1s informaci\u00f3n o deje un mensaje a continuaci\u00f3n y nos pondremos en contacto con usted lo antes posible Direcci\u00f3n Hospital Internacional HM Santa Elena Urbanizaci\u00f3n Los \u00c1lamosC\/ Sardinero s\/n Torremolinos, M\u00e1laga Tel\u00e9fonos 952 14 11 33 \/ 952 38 55 55 Shape Escr\u00edbame con su consulta\" \/>\n<meta property=\"og:url\" content=\"https:\/\/doctorantoniogonzalez.com\/en\/contacto\/\" \/>\n<meta property=\"og:site_name\" content=\"Doctor Gonz\u00e1lez\" \/>\n<meta property=\"article:modified_time\" content=\"2023-04-05T20:37:54+00:00\" \/>\n<meta property=\"og:image\" content=\"https:\/\/doctorantoniogonzalez.com\/wp-content\/uploads\/2023\/01\/logo-santa-elena_blanco.png\" \/>\n<meta name=\"twitter:card\" content=\"summary_large_image\" \/>\n<meta name=\"twitter:label1\" content=\"Estimated reading time\" \/>\n\t<meta name=\"twitter:data1\" content=\"1 minute\" \/>\n<script type=\"application\/ld+json\" class=\"yoast-schema-graph\">{\"@context\":\"https:\\\/\\\/schema.org\",\"@graph\":[{\"@type\":\"WebPage\",\"@id\":\"https:\\\/\\\/doctorantoniogonzalez.com\\\/contacto\\\/\",\"url\":\"https:\\\/\\\/doctorantoniogonzalez.com\\\/contacto\\\/\",\"name\":\"Contacto - Doctor Gonz\u00e1lez\",\"isPartOf\":{\"@id\":\"https:\\\/\\\/doctorantoniogonzalez.com\\\/#website\"},\"primaryImageOfPage\":{\"@id\":\"https:\\\/\\\/doctorantoniogonzalez.com\\\/contacto\\\/#primaryimage\"},\"image\":{\"@id\":\"https:\\\/\\\/doctorantoniogonzalez.com\\\/contacto\\\/#primaryimage\"},\"thumbnailUrl\":\"https:\\\/\\\/doctorantoniogonzalez.com\\\/wp-content\\\/uploads\\\/2023\\\/01\\\/logo-santa-elena_blanco.png\",\"datePublished\":\"2023-01-29T11:25:28+00:00\",\"dateModified\":\"2023-04-05T20:37:54+00:00\",\"breadcrumb\":{\"@id\":\"https:\\\/\\\/doctorantoniogonzalez.com\\\/contacto\\\/#breadcrumb\"},\"inLanguage\":\"en-GB\",\"potentialAction\":[{\"@type\":\"ReadAction\",\"target\":[\"https:\\\/\\\/doctorantoniogonzalez.com\\\/contacto\\\/\"]}]},{\"@type\":\"ImageObject\",\"inLanguage\":\"en-GB\",\"@id\":\"https:\\\/\\\/doctorantoniogonzalez.com\\\/contacto\\\/#primaryimage\",\"url\":\"https:\\\/\\\/doctorantoniogonzalez.com\\\/wp-content\\\/uploads\\\/2023\\\/01\\\/logo-santa-elena_blanco.png\",\"contentUrl\":\"https:\\\/\\\/doctorantoniogonzalez.com\\\/wp-content\\\/uploads\\\/2023\\\/01\\\/logo-santa-elena_blanco.png\"},{\"@type\":\"BreadcrumbList\",\"@id\":\"https:\\\/\\\/doctorantoniogonzalez.com\\\/contacto\\\/#breadcrumb\",\"itemListElement\":[{\"@type\":\"ListItem\",\"position\":1,\"name\":\"Portada\",\"item\":\"https:\\\/\\\/doctorantoniogonzalez.com\\\/\"},{\"@type\":\"ListItem\",\"position\":2,\"name\":\"Contacto\"}]},{\"@type\":\"WebSite\",\"@id\":\"https:\\\/\\\/doctorantoniogonzalez.com\\\/#website\",\"url\":\"https:\\\/\\\/doctorantoniogonzalez.com\\\/\",\"name\":\"Doctor Gonz\u00e1lez\",\"description\":\"\",\"publisher\":{\"@id\":\"https:\\\/\\\/doctorantoniogonzalez.com\\\/#organization\"},\"potentialAction\":[{\"@type\":\"SearchAction\",\"target\":{\"@type\":\"EntryPoint\",\"urlTemplate\":\"https:\\\/\\\/doctorantoniogonzalez.com\\\/?s={search_term_string}\"},\"query-input\":{\"@type\":\"PropertyValueSpecification\",\"valueRequired\":true,\"valueName\":\"search_term_string\"}}],\"inLanguage\":\"en-GB\"},{\"@type\":\"Organization\",\"@id\":\"https:\\\/\\\/doctorantoniogonzalez.com\\\/#organization\",\"name\":\"Doctor Gonz\u00e1lez\",\"url\":\"https:\\\/\\\/doctorantoniogonzalez.com\\\/\",\"logo\":{\"@type\":\"ImageObject\",\"inLanguage\":\"en-GB\",\"@id\":\"https:\\\/\\\/doctorantoniogonzalez.com\\\/#\\\/schema\\\/logo\\\/image\\\/\",\"url\":\"https:\\\/\\\/doctorantoniogonzalez.com\\\/wp-content\\\/uploads\\\/2023\\\/01\\\/cropped-logo_dessw2sscostruidoRecurso-2.png\",\"contentUrl\":\"https:\\\/\\\/doctorantoniogonzalez.com\\\/wp-content\\\/uploads\\\/2023\\\/01\\\/cropped-logo_dessw2sscostruidoRecurso-2.png\",\"width\":450,\"height\":121,\"caption\":\"Doctor Gonz\u00e1lez\"},\"image\":{\"@id\":\"https:\\\/\\\/doctorantoniogonzalez.com\\\/#\\\/schema\\\/logo\\\/image\\\/\"}}]}<\/script>\n<!-- \/ Yoast SEO plugin. -->","yoast_head_json":{"title":"Contact - Doctor Gonz\u00e1lez","robots":{"index":"index","follow":"follow","max-snippet":"max-snippet:-1","max-image-preview":"max-image-preview:large","max-video-preview":"max-video-preview:-1"},"canonical":"https:\/\/doctorantoniogonzalez.com\/en\/contacto\/","og_locale":"en_GB","og_type":"article","og_title":"Contacto - Doctor Gonz\u00e1lez","og_description":"CONT\u00e1ctame Cont\u00e1ctenos directamente para obtener m\u00e1s informaci\u00f3n o deje un mensaje a continuaci\u00f3n y nos pondremos en contacto con usted lo antes posible Direcci\u00f3n Hospital Internacional HM Santa Elena Urbanizaci\u00f3n Los \u00c1lamosC\/ Sardinero s\/n Torremolinos, M\u00e1laga Tel\u00e9fonos 952 14 11 33 \/ 952 38 55 55 Shape Escr\u00edbame con su consulta","og_url":"https:\/\/doctorantoniogonzalez.com\/en\/contacto\/","og_site_name":"Doctor Gonz\u00e1lez","article_modified_time":"2023-04-05T20:37:54+00:00","og_image":[{"url":"https:\/\/doctorantoniogonzalez.com\/wp-content\/uploads\/2023\/01\/logo-santa-elena_blanco.png","type":"","width":"","height":""}],"twitter_card":"summary_large_image","twitter_misc":{"Estimated reading time":"1 minute"},"schema":{"@context":"https:\/\/schema.org","@graph":[{"@type":"WebPage","@id":"https:\/\/doctorantoniogonzalez.com\/contacto\/","url":"https:\/\/doctorantoniogonzalez.com\/contacto\/","name":"Contact - Doctor Gonz\u00e1lez","isPartOf":{"@id":"https:\/\/doctorantoniogonzalez.com\/#website"},"primaryImageOfPage":{"@id":"https:\/\/doctorantoniogonzalez.com\/contacto\/#primaryimage"},"image":{"@id":"https:\/\/doctorantoniogonzalez.com\/contacto\/#primaryimage"},"thumbnailUrl":"https:\/\/doctorantoniogonzalez.com\/wp-content\/uploads\/2023\/01\/logo-santa-elena_blanco.png","datePublished":"2023-01-29T11:25:28+00:00","dateModified":"2023-04-05T20:37:54+00:00","breadcrumb":{"@id":"https:\/\/doctorantoniogonzalez.com\/contacto\/#breadcrumb"},"inLanguage":"en-GB","potentialAction":[{"@type":"ReadAction","target":["https:\/\/doctorantoniogonzalez.com\/contacto\/"]}]},{"@type":"ImageObject","inLanguage":"en-GB","@id":"https:\/\/doctorantoniogonzalez.com\/contacto\/#primaryimage","url":"https:\/\/doctorantoniogonzalez.com\/wp-content\/uploads\/2023\/01\/logo-santa-elena_blanco.png","contentUrl":"https:\/\/doctorantoniogonzalez.com\/wp-content\/uploads\/2023\/01\/logo-santa-elena_blanco.png"},{"@type":"BreadcrumbList","@id":"https:\/\/doctorantoniogonzalez.com\/contacto\/#breadcrumb","itemListElement":[{"@type":"ListItem","position":1,"name":"Portada","item":"https:\/\/doctorantoniogonzalez.com\/"},{"@type":"ListItem","position":2,"name":"Contacto"}]},{"@type":"WebSite","@id":"https:\/\/doctorantoniogonzalez.com\/#website","url":"https:\/\/doctorantoniogonzalez.com\/","name":"Dr. Gonzalez","description":"","publisher":{"@id":"https:\/\/doctorantoniogonzalez.com\/#organization"},"potentialAction":[{"@type":"SearchAction","target":{"@type":"EntryPoint","urlTemplate":"https:\/\/doctorantoniogonzalez.com\/?s={search_term_string}"},"query-input":{"@type":"PropertyValueSpecification","valueRequired":true,"valueName":"search_term_string"}}],"inLanguage":"en-GB"},{"@type":"Organization","@id":"https:\/\/doctorantoniogonzalez.com\/#organization","name":"Dr. Gonzalez","url":"https:\/\/doctorantoniogonzalez.com\/","logo":{"@type":"ImageObject","inLanguage":"en-GB","@id":"https:\/\/doctorantoniogonzalez.com\/#\/schema\/logo\/image\/","url":"https:\/\/doctorantoniogonzalez.com\/wp-content\/uploads\/2023\/01\/cropped-logo_dessw2sscostruidoRecurso-2.png","contentUrl":"https:\/\/doctorantoniogonzalez.com\/wp-content\/uploads\/2023\/01\/cropped-logo_dessw2sscostruidoRecurso-2.png","width":450,"height":121,"caption":"Doctor Gonz\u00e1lez"},"image":{"@id":"https:\/\/doctorantoniogonzalez.com\/#\/schema\/logo\/image\/"}}]}},"_links":{"self":[{"href":"https:\/\/doctorantoniogonzalez.com\/en\/wp-json\/wp\/v2\/pages\/51","targetHints":{"allow":["GET"]}}],"collection":[{"href":"https:\/\/doctorantoniogonzalez.com\/en\/wp-json\/wp\/v2\/pages"}],"about":[{"href":"https:\/\/doctorantoniogonzalez.com\/en\/wp-json\/wp\/v2\/types\/page"}],"author":[{"embeddable":true,"href":"https:\/\/doctorantoniogonzalez.com\/en\/wp-json\/wp\/v2\/users\/1"}],"replies":[{"embeddable":true,"href":"https:\/\/doctorantoniogonzalez.com\/en\/wp-json\/wp\/v2\/comments?post=51"}],"version-history":[{"count":25,"href":"https:\/\/doctorantoniogonzalez.com\/en\/wp-json\/wp\/v2\/pages\/51\/revisions"}],"predecessor-version":[{"id":1230,"href":"https:\/\/doctorantoniogonzalez.com\/en\/wp-json\/wp\/v2\/pages\/51\/revisions\/1230"}],"wp:attachment":[{"href":"https:\/\/doctorantoniogonzalez.com\/en\/wp-json\/wp\/v2\/media?parent=51"}],"curies":[{"name":"wp","href":"https:\/\/api.w.org\/{rel}","templated":true}]}}