{"id":855,"date":"2023-02-14T22:57:45","date_gmt":"2023-02-14T22:57:45","guid":{"rendered":"https:\/\/doctorantoniogonzalez.com\/?page_id=855"},"modified":"2023-02-14T23:35:50","modified_gmt":"2023-02-14T23:35:50","slug":"cirugia-del-cancer-de-colon","status":"publish","type":"page","link":"https:\/\/doctorantoniogonzalez.com\/en\/servicios\/cirugia-del-cancer-de-colon\/","title":{"rendered":"Colon cancer surgery"},"content":{"rendered":"<div data-elementor-type=\"wp-page\" data-elementor-id=\"855\" class=\"elementor elementor-855\" data-elementor-post-type=\"page\">\n\t\t\t\t\t\t<section class=\"elementor-section elementor-top-section elementor-element elementor-element-3b30ba3b elementor-section-height-min-height elementor-section-items-stretch elementor-section-boxed elementor-section-height-default\" data-id=\"3b30ba3b\" data-element_type=\"section\" data-e-type=\"section\" data-settings=\"{&quot;background_background&quot;:&quot;classic&quot;}\">\n\t\t\t\t\t\t<div class=\"elementor-container elementor-column-gap-default\">\n\t\t\t\t\t<div class=\"elementor-column elementor-col-50 elementor-top-column elementor-element elementor-element-e7d0cd5 elementor-hidden-tablet elementor-hidden-mobile\" data-id=\"e7d0cd5\" data-element_type=\"column\" data-e-type=\"column\">\n\t\t\t<div class=\"elementor-widget-wrap\">\n\t\t\t\t\t\t\t<\/div>\n\t\t<\/div>\n\t\t\t\t<div class=\"elementor-column elementor-col-50 elementor-top-column elementor-element elementor-element-53c04de1\" data-id=\"53c04de1\" data-element_type=\"column\" data-e-type=\"column\">\n\t\t\t<div class=\"elementor-widget-wrap elementor-element-populated\">\n\t\t\t\t\t\t<div class=\"elementor-element elementor-element-3ebda764 elementor-widget__width-auto elementor-widget elementor-widget-heading\" data-id=\"3ebda764\" data-element_type=\"widget\" data-e-type=\"widget\" data-widget_type=\"heading.default\">\n\t\t\t\t<div class=\"elementor-widget-container\">\n\t\t\t\t\t<h2 class=\"elementor-heading-title elementor-size-default\">Colon cancer surgery<\/h2>\t\t\t\t<\/div>\n\t\t\t\t<\/div>\n\t\t\t\t<div class=\"elementor-element elementor-element-a4f788a elementor-widget__width-auto elementor-view-default elementor-widget elementor-widget-icon\" data-id=\"a4f788a\" data-element_type=\"widget\" data-e-type=\"widget\" data-widget_type=\"icon.default\">\n\t\t\t\t<div class=\"elementor-widget-container\">\n\t\t\t\t\t\t\t<div class=\"elementor-icon-wrapper\">\n\t\t\t<div class=\"elementor-icon\">\n\t\t\t<i aria-hidden=\"true\" class=\"icon-medic2- icon-medic2-intestine\"><\/i>\t\t\t<\/div>\n\t\t<\/div>\n\t\t\t\t\t\t<\/div>\n\t\t\t\t<\/div>\n\t\t\t\t\t<\/div>\n\t\t<\/div>\n\t\t\t\t\t<\/div>\n\t\t<\/section>\n\t\t\t\t<section class=\"elementor-section elementor-top-section elementor-element elementor-element-3cf3216c elementor-section-height-min-height elementor-section-boxed elementor-section-height-default elementor-section-items-middle\" data-id=\"3cf3216c\" data-element_type=\"section\" data-e-type=\"section\" data-settings=\"{&quot;background_background&quot;:&quot;classic&quot;}\">\n\t\t\t\t\t\t\t<div class=\"elementor-background-overlay\"><\/div>\n\t\t\t\t\t\t\t<div class=\"elementor-container elementor-column-gap-default\">\n\t\t\t\t\t<div class=\"elementor-column elementor-col-100 elementor-top-column elementor-element elementor-element-2a05a804\" data-id=\"2a05a804\" data-element_type=\"column\" data-e-type=\"column\">\n\t\t\t<div class=\"elementor-widget-wrap elementor-element-populated\">\n\t\t\t\t\t\t<div class=\"elementor-element elementor-element-5d78572c elementor-widget elementor-widget-text-editor\" data-id=\"5d78572c\" data-element_type=\"widget\" data-e-type=\"widget\" data-widget_type=\"text-editor.default\">\n\t\t\t\t<div class=\"elementor-widget-container\">\n\t\t\t\t\t\t\t\t\t<p>The formation of a<strong>\u00a0colon cancer<\/strong>\u00a0is a staged process initiated by the appearance of a polyp that develops into a malignant polyp.\u00a0<\/p>\t\t\t\t\t\t\t\t<\/div>\n\t\t\t\t<\/div>\n\t\t\t\t\t<\/div>\n\t\t<\/div>\n\t\t\t\t\t<\/div>\n\t\t<\/section>\n\t\t\t\t<section class=\"elementor-section elementor-top-section elementor-element elementor-element-dd4b40c elementor-section-boxed elementor-section-height-default elementor-section-height-default\" data-id=\"dd4b40c\" data-element_type=\"section\" data-e-type=\"section\">\n\t\t\t\t\t\t<div class=\"elementor-container elementor-column-gap-default\">\n\t\t\t\t\t<div class=\"elementor-column elementor-col-100 elementor-top-column elementor-element elementor-element-bc778dd\" data-id=\"bc778dd\" data-element_type=\"column\" data-e-type=\"column\">\n\t\t\t<div class=\"elementor-widget-wrap elementor-element-populated\">\n\t\t\t\t\t\t<div class=\"elementor-element elementor-element-38b82d6 elementor-widget elementor-widget-text-editor\" data-id=\"38b82d6\" data-element_type=\"widget\" data-e-type=\"widget\" data-widget_type=\"text-editor.default\">\n\t\t\t\t<div class=\"elementor-widget-container\">\n\t\t\t\t\t\t\t\t\t<p>The colon or large intestine is the final part of the intestine. It is shaped like a tube and its interior is lined with a mucous membrane made up of cells. When one of these cells becomes malignant and multiplies uncontrollably, colon cancer develops.<\/p><p><span style=\"color: var( --e-global-color-text ); font-family: var( --e-global-typography-text-font-family ), Sans-serif; font-size: var( --e-global-typography-text-font-size ); font-weight: var( --e-global-typography-text-font-weight ); background-color: var( --e-global-color-fc5ff30 );\">This malignant tumour can grow locally (invading the layers of the wall of the gastrointestinal tract and can reach the organs contained in the abdomen), by lymphatic spread to the lymph nodes or by haematogenous spread (through the blood, preferably to the liver, lung, bone and brain).<\/span><\/p><p>If the tumour is detected early, it is curable in more than 90% of cases. For this reason, early detection is vital, as it is a common cancer. 80% of cases are sporadic and 20% are genetically influenced.<\/p><p>\u00a0<\/p><h5>The surgery aims to remove:<\/h5><p>\u00a0<\/p><ul><li>Tumour with sufficiently wide margins<\/li><li>The main arterial and venous vessels supplying the intestinal segment in which the tumour is located<\/li><li>Regional lymph nodes<\/li><\/ul><div>\u00a0<\/div><p>Resection can be performed conventionally or laparoscopically, with a smaller incision and a quicker postoperative period. At present, laparoscopic treatment should be considered as the first choice.<\/p><p>\u00a0<\/p><h4>Types of surgery:<\/h4><ul><li><b>Right hemicolectomy<\/b> (tumour in the cecum or ascending colon)<\/li><li><b>Left hemicolectomy<\/b> (tumour in the descending colon or sigma)<\/li><li><b>Segmental colectomies<\/b> (tumours in the transverse colon or splenic flexure)<\/li><\/ul><p>After removal of the tumour, it must be analysed and, depending on its characteristics, chemotherapy treatment may be necessary as an adjunct to surgery.<\/p><p><strong>\u00a0<\/strong><\/p><h4>Colon tumour with metastasis<\/h4><p>Depending on the stage of the disease, the patient may or may not require chemotherapy treatment. Chemotherapy can mainly be administered intravenously or orally, although there are other forms of administration.<\/p><p>Its administration can be:<\/p><ul><li><strong>Neoadjuvant treatment<\/strong>is the administration of chemotherapy prior to possible surgery. The aim is to reduce the size of the tumour and thus facilitate surgery.<\/li><li><strong>Adjuvant treatment<\/strong>Chemotherapy: is the administration of chemotherapy after surgical resection. The aim is to eliminate possible microscopic disease and to prevent recurrence of the disease.<\/li><li><strong>Palliative treatment<\/strong>is the administration of treatment in a palliative manner. The intention is to reduce the burden of the disease and thus to provide clinical benefit.<\/li><\/ul><div>\u00a0<\/div><p>Occasionally, there are patients with disseminated disease in the liver or lung who respond well to treatment and subsequent intervention is possible.<\/p>\t\t\t\t\t\t\t\t<\/div>\n\t\t\t\t<\/div>\n\t\t\t\t\t<\/div>\n\t\t<\/div>\n\t\t\t\t\t<\/div>\n\t\t<\/section>\n\t\t\t\t<section class=\"elementor-section elementor-top-section elementor-element elementor-element-a6cca9b elementor-section-boxed elementor-section-height-default elementor-section-height-default\" data-id=\"a6cca9b\" data-element_type=\"section\" data-e-type=\"section\">\n\t\t\t\t\t\t<div class=\"elementor-container elementor-column-gap-default\">\n\t\t\t\t\t<div class=\"elementor-column elementor-col-100 elementor-top-column elementor-element elementor-element-51cc4e7\" data-id=\"51cc4e7\" data-element_type=\"column\" data-e-type=\"column\">\n\t\t\t<div class=\"elementor-widget-wrap elementor-element-populated\">\n\t\t\t\t\t\t<div class=\"elementor-element elementor-element-24feef7 elementor-view-default elementor-position-block-start elementor-mobile-position-block-start elementor-widget elementor-widget-icon-box\" data-id=\"24feef7\" data-element_type=\"widget\" data-e-type=\"widget\" data-widget_type=\"icon-box.default\">\n\t\t\t\t<div class=\"elementor-widget-container\">\n\t\t\t\t\t\t\t<div class=\"elementor-icon-box-wrapper\">\n\n\t\t\t\t\t\t<div class=\"elementor-icon-box-icon\">\n\t\t\t\t<span  class=\"elementor-icon\">\n\t\t\t\t<i aria-hidden=\"true\" class=\"icon-medic2- icon-medic2-hand-ask-medical\"><\/i>\t\t\t\t<\/span>\n\t\t\t<\/div>\n\t\t\t\n\t\t\t\t\t\t<div class=\"elementor-icon-box-content\">\n\n\t\t\t\t\t\t\t\t\t<h3 class=\"elementor-icon-box-title\">\n\t\t\t\t\t\t<span  >\n\t\t\t\t\t\t\tEmergency general and digestive surgery\t\t\t\t\t\t<\/span>\n\t\t\t\t\t<\/h3>\n\t\t\t\t\n\t\t\t\t\n\t\t\t<\/div>\n\t\t\t\n\t\t<\/div>\n\t\t\t\t\t\t<\/div>\n\t\t\t\t<\/div>\n\t\t\t\t\t<\/div>\n\t\t<\/div>\n\t\t\t\t\t<\/div>\n\t\t<\/section>\n\t\t\t\t<\/div>","protected":false},"excerpt":{"rendered":"<p>Cirug\u00eda del c\u00e1ncer de colon La formaci\u00f3n de un\u00a0c\u00e1ncer de colon\u00a0es un proceso en etapas iniciado con la aparici\u00f3n de un p\u00f3lipo que se transforma en maligno.\u00a0 El colon o intestino grueso es la parte final del intestino. Tiene forma de tubo y su interior est\u00e1 cubierto de una mucosa formada por c\u00e9lulas. Cuando una [&hellip;]<\/p>\n","protected":false},"author":1,"featured_media":0,"parent":687,"menu_order":0,"comment_status":"closed","ping_status":"closed","template":"","meta":{"footnotes":""},"class_list":["post-855","page","type-page","status-publish","hentry"],"yoast_head":"<!-- This site is optimized with the Yoast SEO plugin v27.4 - https:\/\/yoast.com\/product\/yoast-seo-wordpress\/ -->\n<title>Cirug\u00eda del c\u00e1ncer de colon - Doctor Gonz\u00e1lez<\/title>\n<meta name=\"robots\" content=\"index, follow, max-snippet:-1, max-image-preview:large, max-video-preview:-1\" \/>\n<link rel=\"canonical\" href=\"https:\/\/doctorantoniogonzalez.com\/en\/servicios\/cirugia-del-cancer-de-colon\/\" \/>\n<meta property=\"og:locale\" content=\"en_GB\" \/>\n<meta property=\"og:type\" content=\"article\" \/>\n<meta property=\"og:title\" content=\"Cirug\u00eda del c\u00e1ncer de colon - Doctor Gonz\u00e1lez\" \/>\n<meta property=\"og:description\" content=\"Cirug\u00eda del c\u00e1ncer de colon La formaci\u00f3n de un\u00a0c\u00e1ncer de colon\u00a0es un proceso en etapas iniciado con la aparici\u00f3n de un p\u00f3lipo que se transforma en maligno.\u00a0 El colon o intestino grueso es la parte final del intestino. Tiene forma de tubo y su interior est\u00e1 cubierto de una mucosa formada por c\u00e9lulas. Cuando una [&hellip;]\" \/>\n<meta property=\"og:url\" content=\"https:\/\/doctorantoniogonzalez.com\/en\/servicios\/cirugia-del-cancer-de-colon\/\" \/>\n<meta property=\"og:site_name\" content=\"Doctor Gonz\u00e1lez\" \/>\n<meta property=\"article:modified_time\" content=\"2023-02-14T23:35:50+00:00\" \/>\n<meta name=\"twitter:card\" content=\"summary_large_image\" \/>\n<meta name=\"twitter:label1\" content=\"Estimated reading time\" \/>\n\t<meta name=\"twitter:data1\" content=\"3 minutes\" \/>\n<script type=\"application\/ld+json\" class=\"yoast-schema-graph\">{\"@context\":\"https:\\\/\\\/schema.org\",\"@graph\":[{\"@type\":\"WebPage\",\"@id\":\"https:\\\/\\\/doctorantoniogonzalez.com\\\/servicios\\\/cirugia-del-cancer-de-colon\\\/\",\"url\":\"https:\\\/\\\/doctorantoniogonzalez.com\\\/servicios\\\/cirugia-del-cancer-de-colon\\\/\",\"name\":\"Cirug\u00eda del c\u00e1ncer de colon - Doctor Gonz\u00e1lez\",\"isPartOf\":{\"@id\":\"https:\\\/\\\/doctorantoniogonzalez.com\\\/#website\"},\"datePublished\":\"2023-02-14T22:57:45+00:00\",\"dateModified\":\"2023-02-14T23:35:50+00:00\",\"breadcrumb\":{\"@id\":\"https:\\\/\\\/doctorantoniogonzalez.com\\\/servicios\\\/cirugia-del-cancer-de-colon\\\/#breadcrumb\"},\"inLanguage\":\"en-GB\",\"potentialAction\":[{\"@type\":\"ReadAction\",\"target\":[\"https:\\\/\\\/doctorantoniogonzalez.com\\\/servicios\\\/cirugia-del-cancer-de-colon\\\/\"]}]},{\"@type\":\"BreadcrumbList\",\"@id\":\"https:\\\/\\\/doctorantoniogonzalez.com\\\/servicios\\\/cirugia-del-cancer-de-colon\\\/#breadcrumb\",\"itemListElement\":[{\"@type\":\"ListItem\",\"position\":1,\"name\":\"Portada\",\"item\":\"https:\\\/\\\/doctorantoniogonzalez.com\\\/\"},{\"@type\":\"ListItem\",\"position\":2,\"name\":\"Servicios\",\"item\":\"https:\\\/\\\/doctorantoniogonzalez.com\\\/servicios\\\/\"},{\"@type\":\"ListItem\",\"position\":3,\"name\":\"Cirug\u00eda del c\u00e1ncer de colon\"}]},{\"@type\":\"WebSite\",\"@id\":\"https:\\\/\\\/doctorantoniogonzalez.com\\\/#website\",\"url\":\"https:\\\/\\\/doctorantoniogonzalez.com\\\/\",\"name\":\"Doctor Gonz\u00e1lez\",\"description\":\"\",\"publisher\":{\"@id\":\"https:\\\/\\\/doctorantoniogonzalez.com\\\/#organization\"},\"potentialAction\":[{\"@type\":\"SearchAction\",\"target\":{\"@type\":\"EntryPoint\",\"urlTemplate\":\"https:\\\/\\\/doctorantoniogonzalez.com\\\/?s={search_term_string}\"},\"query-input\":{\"@type\":\"PropertyValueSpecification\",\"valueRequired\":true,\"valueName\":\"search_term_string\"}}],\"inLanguage\":\"en-GB\"},{\"@type\":\"Organization\",\"@id\":\"https:\\\/\\\/doctorantoniogonzalez.com\\\/#organization\",\"name\":\"Doctor Gonz\u00e1lez\",\"url\":\"https:\\\/\\\/doctorantoniogonzalez.com\\\/\",\"logo\":{\"@type\":\"ImageObject\",\"inLanguage\":\"en-GB\",\"@id\":\"https:\\\/\\\/doctorantoniogonzalez.com\\\/#\\\/schema\\\/logo\\\/image\\\/\",\"url\":\"https:\\\/\\\/doctorantoniogonzalez.com\\\/wp-content\\\/uploads\\\/2023\\\/01\\\/cropped-logo_dessw2sscostruidoRecurso-2.png\",\"contentUrl\":\"https:\\\/\\\/doctorantoniogonzalez.com\\\/wp-content\\\/uploads\\\/2023\\\/01\\\/cropped-logo_dessw2sscostruidoRecurso-2.png\",\"width\":450,\"height\":121,\"caption\":\"Doctor Gonz\u00e1lez\"},\"image\":{\"@id\":\"https:\\\/\\\/doctorantoniogonzalez.com\\\/#\\\/schema\\\/logo\\\/image\\\/\"}}]}<\/script>\n<!-- \/ Yoast SEO plugin. -->","yoast_head_json":{"title":"Colon cancer surgery - Doctor Gonz\u00e1lez","robots":{"index":"index","follow":"follow","max-snippet":"max-snippet:-1","max-image-preview":"max-image-preview:large","max-video-preview":"max-video-preview:-1"},"canonical":"https:\/\/doctorantoniogonzalez.com\/en\/servicios\/cirugia-del-cancer-de-colon\/","og_locale":"en_GB","og_type":"article","og_title":"Cirug\u00eda del c\u00e1ncer de colon - Doctor Gonz\u00e1lez","og_description":"Cirug\u00eda del c\u00e1ncer de colon La formaci\u00f3n de un\u00a0c\u00e1ncer de colon\u00a0es un proceso en etapas iniciado con la aparici\u00f3n de un p\u00f3lipo que se transforma en maligno.\u00a0 El colon o intestino grueso es la parte final del intestino. Tiene forma de tubo y su interior est\u00e1 cubierto de una mucosa formada por c\u00e9lulas. Cuando una [&hellip;]","og_url":"https:\/\/doctorantoniogonzalez.com\/en\/servicios\/cirugia-del-cancer-de-colon\/","og_site_name":"Doctor Gonz\u00e1lez","article_modified_time":"2023-02-14T23:35:50+00:00","twitter_card":"summary_large_image","twitter_misc":{"Estimated reading time":"3 minutes"},"schema":{"@context":"https:\/\/schema.org","@graph":[{"@type":"WebPage","@id":"https:\/\/doctorantoniogonzalez.com\/servicios\/cirugia-del-cancer-de-colon\/","url":"https:\/\/doctorantoniogonzalez.com\/servicios\/cirugia-del-cancer-de-colon\/","name":"Colon cancer surgery - Doctor Gonz\u00e1lez","isPartOf":{"@id":"https:\/\/doctorantoniogonzalez.com\/#website"},"datePublished":"2023-02-14T22:57:45+00:00","dateModified":"2023-02-14T23:35:50+00:00","breadcrumb":{"@id":"https:\/\/doctorantoniogonzalez.com\/servicios\/cirugia-del-cancer-de-colon\/#breadcrumb"},"inLanguage":"en-GB","potentialAction":[{"@type":"ReadAction","target":["https:\/\/doctorantoniogonzalez.com\/servicios\/cirugia-del-cancer-de-colon\/"]}]},{"@type":"BreadcrumbList","@id":"https:\/\/doctorantoniogonzalez.com\/servicios\/cirugia-del-cancer-de-colon\/#breadcrumb","itemListElement":[{"@type":"ListItem","position":1,"name":"Portada","item":"https:\/\/doctorantoniogonzalez.com\/"},{"@type":"ListItem","position":2,"name":"Servicios","item":"https:\/\/doctorantoniogonzalez.com\/servicios\/"},{"@type":"ListItem","position":3,"name":"Cirug\u00eda del c\u00e1ncer de colon"}]},{"@type":"WebSite","@id":"https:\/\/doctorantoniogonzalez.com\/#website","url":"https:\/\/doctorantoniogonzalez.com\/","name":"Dr. Gonzalez","description":"","publisher":{"@id":"https:\/\/doctorantoniogonzalez.com\/#organization"},"potentialAction":[{"@type":"SearchAction","target":{"@type":"EntryPoint","urlTemplate":"https:\/\/doctorantoniogonzalez.com\/?s={search_term_string}"},"query-input":{"@type":"PropertyValueSpecification","valueRequired":true,"valueName":"search_term_string"}}],"inLanguage":"en-GB"},{"@type":"Organization","@id":"https:\/\/doctorantoniogonzalez.com\/#organization","name":"Dr. Gonzalez","url":"https:\/\/doctorantoniogonzalez.com\/","logo":{"@type":"ImageObject","inLanguage":"en-GB","@id":"https:\/\/doctorantoniogonzalez.com\/#\/schema\/logo\/image\/","url":"https:\/\/doctorantoniogonzalez.com\/wp-content\/uploads\/2023\/01\/cropped-logo_dessw2sscostruidoRecurso-2.png","contentUrl":"https:\/\/doctorantoniogonzalez.com\/wp-content\/uploads\/2023\/01\/cropped-logo_dessw2sscostruidoRecurso-2.png","width":450,"height":121,"caption":"Doctor Gonz\u00e1lez"},"image":{"@id":"https:\/\/doctorantoniogonzalez.com\/#\/schema\/logo\/image\/"}}]}},"_links":{"self":[{"href":"https:\/\/doctorantoniogonzalez.com\/en\/wp-json\/wp\/v2\/pages\/855","targetHints":{"allow":["GET"]}}],"collection":[{"href":"https:\/\/doctorantoniogonzalez.com\/en\/wp-json\/wp\/v2\/pages"}],"about":[{"href":"https:\/\/doctorantoniogonzalez.com\/en\/wp-json\/wp\/v2\/types\/page"}],"author":[{"embeddable":true,"href":"https:\/\/doctorantoniogonzalez.com\/en\/wp-json\/wp\/v2\/users\/1"}],"replies":[{"embeddable":true,"href":"https:\/\/doctorantoniogonzalez.com\/en\/wp-json\/wp\/v2\/comments?post=855"}],"version-history":[{"count":11,"href":"https:\/\/doctorantoniogonzalez.com\/en\/wp-json\/wp\/v2\/pages\/855\/revisions"}],"predecessor-version":[{"id":909,"href":"https:\/\/doctorantoniogonzalez.com\/en\/wp-json\/wp\/v2\/pages\/855\/revisions\/909"}],"up":[{"embeddable":true,"href":"https:\/\/doctorantoniogonzalez.com\/en\/wp-json\/wp\/v2\/pages\/687"}],"wp:attachment":[{"href":"https:\/\/doctorantoniogonzalez.com\/en\/wp-json\/wp\/v2\/media?parent=855"}],"curies":[{"name":"wp","href":"https:\/\/api.w.org\/{rel}","templated":true}]}}