{"id":873,"date":"2023-02-14T23:19:51","date_gmt":"2023-02-14T23:19:51","guid":{"rendered":"https:\/\/doctorantoniogonzalez.com\/?page_id=873"},"modified":"2023-02-14T23:36:52","modified_gmt":"2023-02-14T23:36:52","slug":"cirugia-del-suelo-pelvico","status":"publish","type":"page","link":"https:\/\/doctorantoniogonzalez.com\/en\/servicios\/cirugia-del-suelo-pelvico\/","title":{"rendered":"Pelvic floor surgery"},"content":{"rendered":"<div data-elementor-type=\"wp-page\" data-elementor-id=\"873\" class=\"elementor elementor-873\" data-elementor-post-type=\"page\">\n\t\t\t\t\t\t<section class=\"elementor-section elementor-top-section elementor-element elementor-element-3b30ba3b elementor-section-height-min-height elementor-section-items-stretch elementor-section-boxed elementor-section-height-default\" data-id=\"3b30ba3b\" data-element_type=\"section\" data-e-type=\"section\" data-settings=\"{&quot;background_background&quot;:&quot;classic&quot;}\">\n\t\t\t\t\t\t<div class=\"elementor-container elementor-column-gap-default\">\n\t\t\t\t\t<div class=\"elementor-column elementor-col-50 elementor-top-column elementor-element elementor-element-e7d0cd5 elementor-hidden-tablet elementor-hidden-mobile\" data-id=\"e7d0cd5\" data-element_type=\"column\" data-e-type=\"column\">\n\t\t\t<div class=\"elementor-widget-wrap\">\n\t\t\t\t\t\t\t<\/div>\n\t\t<\/div>\n\t\t\t\t<div class=\"elementor-column elementor-col-50 elementor-top-column elementor-element elementor-element-53c04de1\" data-id=\"53c04de1\" data-element_type=\"column\" data-e-type=\"column\">\n\t\t\t<div class=\"elementor-widget-wrap elementor-element-populated\">\n\t\t\t\t\t\t<div class=\"elementor-element elementor-element-3ebda764 elementor-widget__width-auto elementor-widget elementor-widget-heading\" data-id=\"3ebda764\" data-element_type=\"widget\" data-e-type=\"widget\" data-widget_type=\"heading.default\">\n\t\t\t\t<div class=\"elementor-widget-container\">\n\t\t\t\t\t<h2 class=\"elementor-heading-title elementor-size-default\">Pelvic floor surgery<\/h2>\t\t\t\t<\/div>\n\t\t\t\t<\/div>\n\t\t\t\t<div class=\"elementor-element elementor-element-a4f788a elementor-widget__width-auto elementor-view-default elementor-widget elementor-widget-icon\" data-id=\"a4f788a\" data-element_type=\"widget\" data-e-type=\"widget\" data-widget_type=\"icon.default\">\n\t\t\t\t<div class=\"elementor-widget-container\">\n\t\t\t\t\t\t\t<div class=\"elementor-icon-wrapper\">\n\t\t\t<div class=\"elementor-icon\">\n\t\t\t<i aria-hidden=\"true\" class=\"icon-cirugia1 cirugia1-caesarean-section\"><\/i>\t\t\t<\/div>\n\t\t<\/div>\n\t\t\t\t\t\t<\/div>\n\t\t\t\t<\/div>\n\t\t\t\t\t<\/div>\n\t\t<\/div>\n\t\t\t\t\t<\/div>\n\t\t<\/section>\n\t\t\t\t<section class=\"elementor-section elementor-top-section elementor-element elementor-element-3cf3216c elementor-section-height-min-height elementor-section-boxed elementor-section-height-default elementor-section-items-middle\" data-id=\"3cf3216c\" data-element_type=\"section\" data-e-type=\"section\" data-settings=\"{&quot;background_background&quot;:&quot;classic&quot;}\">\n\t\t\t\t\t\t\t<div class=\"elementor-background-overlay\"><\/div>\n\t\t\t\t\t\t\t<div class=\"elementor-container elementor-column-gap-default\">\n\t\t\t\t\t<div class=\"elementor-column elementor-col-100 elementor-top-column elementor-element elementor-element-2a05a804\" data-id=\"2a05a804\" data-element_type=\"column\" data-e-type=\"column\">\n\t\t\t<div class=\"elementor-widget-wrap elementor-element-populated\">\n\t\t\t\t\t\t<div class=\"elementor-element elementor-element-5d78572c elementor-widget elementor-widget-text-editor\" data-id=\"5d78572c\" data-element_type=\"widget\" data-e-type=\"widget\" data-widget_type=\"text-editor.default\">\n\t\t\t\t<div class=\"elementor-widget-container\">\n\t\t\t\t\t\t\t\t\t<p>Pregnancy, childbirth, postpartum and menopause are also factors that can affect the\u00a0<b>damage the pelvic floor<\/b>causing vaginal atrophy and vaginal dryness.<\/p>\t\t\t\t\t\t\t\t<\/div>\n\t\t\t\t<\/div>\n\t\t\t\t\t<\/div>\n\t\t<\/div>\n\t\t\t\t\t<\/div>\n\t\t<\/section>\n\t\t\t\t<section class=\"elementor-section elementor-top-section elementor-element elementor-element-dd4b40c elementor-section-boxed elementor-section-height-default elementor-section-height-default\" data-id=\"dd4b40c\" data-element_type=\"section\" data-e-type=\"section\">\n\t\t\t\t\t\t<div class=\"elementor-container elementor-column-gap-default\">\n\t\t\t\t\t<div class=\"elementor-column elementor-col-100 elementor-top-column elementor-element elementor-element-bc778dd\" data-id=\"bc778dd\" data-element_type=\"column\" data-e-type=\"column\">\n\t\t\t<div class=\"elementor-widget-wrap elementor-element-populated\">\n\t\t\t\t\t\t<div class=\"elementor-element elementor-element-38b82d6 elementor-widget elementor-widget-text-editor\" data-id=\"38b82d6\" data-element_type=\"widget\" data-e-type=\"widget\" data-widget_type=\"text-editor.default\">\n\t\t\t\t<div class=\"elementor-widget-container\">\n\t\t\t\t\t\t\t\t\t<p>Pelvic floor pathology mainly affects women who have had children, with traumatic childbirth being the main risk factor. It can have a profound effect on the quality of life of those who suffer from it. Its symptoms are varied: pain with sexual intercourse, sensation of weight, difficulty in defecating, faecal or urinary incontinence, uterine prolapse...<\/p><p><strong>It is frequently underdiagnosed. Most often it does not require surgery but appropriate specialist-led rehabilitation, but if it fails, surgery can bring clear benefits.<\/strong><\/p><p>Diagnosis will be suspected on clinical grounds and several tests will be necessary, but dynamic defecography or dynamic pelvic MRI should be part of them.<\/p><p>If surgery is chosen, it can be performed using minimally invasive techniques.<\/p>\t\t\t\t\t\t\t\t<\/div>\n\t\t\t\t<\/div>\n\t\t\t\t\t<\/div>\n\t\t<\/div>\n\t\t\t\t\t<\/div>\n\t\t<\/section>\n\t\t\t\t<section class=\"elementor-section elementor-top-section elementor-element elementor-element-a6cca9b elementor-section-boxed elementor-section-height-default elementor-section-height-default\" data-id=\"a6cca9b\" data-element_type=\"section\" data-e-type=\"section\">\n\t\t\t\t\t\t<div class=\"elementor-container elementor-column-gap-default\">\n\t\t\t\t\t<div class=\"elementor-column elementor-col-100 elementor-top-column elementor-element elementor-element-51cc4e7\" data-id=\"51cc4e7\" data-element_type=\"column\" data-e-type=\"column\">\n\t\t\t<div class=\"elementor-widget-wrap elementor-element-populated\">\n\t\t\t\t\t\t<div class=\"elementor-element elementor-element-24feef7 elementor-view-default elementor-position-block-start elementor-mobile-position-block-start elementor-widget elementor-widget-icon-box\" data-id=\"24feef7\" data-element_type=\"widget\" data-e-type=\"widget\" data-widget_type=\"icon-box.default\">\n\t\t\t\t<div class=\"elementor-widget-container\">\n\t\t\t\t\t\t\t<div class=\"elementor-icon-box-wrapper\">\n\n\t\t\t\t\t\t<div class=\"elementor-icon-box-icon\">\n\t\t\t\t<span  class=\"elementor-icon\">\n\t\t\t\t<i aria-hidden=\"true\" class=\"icon-medic2- icon-medic2-hand-ask-medical\"><\/i>\t\t\t\t<\/span>\n\t\t\t<\/div>\n\t\t\t\n\t\t\t\t\t\t<div class=\"elementor-icon-box-content\">\n\n\t\t\t\t\t\t\t\t\t<h3 class=\"elementor-icon-box-title\">\n\t\t\t\t\t\t<span  >\n\t\t\t\t\t\t\tEmergency general and digestive surgery\t\t\t\t\t\t<\/span>\n\t\t\t\t\t<\/h3>\n\t\t\t\t\n\t\t\t\t\n\t\t\t<\/div>\n\t\t\t\n\t\t<\/div>\n\t\t\t\t\t\t<\/div>\n\t\t\t\t<\/div>\n\t\t\t\t\t<\/div>\n\t\t<\/div>\n\t\t\t\t\t<\/div>\n\t\t<\/section>\n\t\t\t\t<\/div>","protected":false},"excerpt":{"rendered":"<p>Cirug\u00eda del suelo p\u00e9lvico El embarazo, parto, posparto y menopausia tambi\u00e9n son factores que\u00a0da\u00f1an el suelo p\u00e9lvico, produciendo atrofia y sequedad vaginal. La patolog\u00eda del suelo p\u00e9lvico afecta fundamentalmente a las mujeres que han tenido hijos, siendo el parto traum\u00e1tico el principal factor de riesgo. Puede llegar a afectar de forma profunda a la calidad [&hellip;]<\/p>\n","protected":false},"author":1,"featured_media":0,"parent":687,"menu_order":0,"comment_status":"closed","ping_status":"closed","template":"","meta":{"footnotes":""},"class_list":["post-873","page","type-page","status-publish","hentry"],"yoast_head":"<!-- This site is optimized with the Yoast SEO plugin v27.4 - https:\/\/yoast.com\/product\/yoast-seo-wordpress\/ -->\n<title>Cirug\u00eda del suelo p\u00e9lvico - Doctor Gonz\u00e1lez<\/title>\n<meta name=\"robots\" content=\"index, follow, max-snippet:-1, max-image-preview:large, max-video-preview:-1\" \/>\n<link rel=\"canonical\" href=\"https:\/\/doctorantoniogonzalez.com\/en\/servicios\/cirugia-del-suelo-pelvico\/\" \/>\n<meta property=\"og:locale\" content=\"en_GB\" \/>\n<meta property=\"og:type\" content=\"article\" \/>\n<meta property=\"og:title\" content=\"Cirug\u00eda del suelo p\u00e9lvico - Doctor Gonz\u00e1lez\" \/>\n<meta property=\"og:description\" content=\"Cirug\u00eda del suelo p\u00e9lvico El embarazo, parto, posparto y menopausia tambi\u00e9n son factores que\u00a0da\u00f1an el suelo p\u00e9lvico, produciendo atrofia y sequedad vaginal. La patolog\u00eda del suelo p\u00e9lvico afecta fundamentalmente a las mujeres que han tenido hijos, siendo el parto traum\u00e1tico el principal factor de riesgo. Puede llegar a afectar de forma profunda a la calidad [&hellip;]\" \/>\n<meta property=\"og:url\" content=\"https:\/\/doctorantoniogonzalez.com\/en\/servicios\/cirugia-del-suelo-pelvico\/\" \/>\n<meta property=\"og:site_name\" content=\"Doctor Gonz\u00e1lez\" \/>\n<meta property=\"article:modified_time\" content=\"2023-02-14T23:36:52+00:00\" \/>\n<meta name=\"twitter:card\" content=\"summary_large_image\" \/>\n<meta name=\"twitter:label1\" content=\"Estimated reading time\" \/>\n\t<meta name=\"twitter:data1\" content=\"1 minute\" \/>\n<script type=\"application\/ld+json\" class=\"yoast-schema-graph\">{\"@context\":\"https:\\\/\\\/schema.org\",\"@graph\":[{\"@type\":\"WebPage\",\"@id\":\"https:\\\/\\\/doctorantoniogonzalez.com\\\/servicios\\\/cirugia-del-suelo-pelvico\\\/\",\"url\":\"https:\\\/\\\/doctorantoniogonzalez.com\\\/servicios\\\/cirugia-del-suelo-pelvico\\\/\",\"name\":\"Cirug\u00eda del suelo p\u00e9lvico - Doctor Gonz\u00e1lez\",\"isPartOf\":{\"@id\":\"https:\\\/\\\/doctorantoniogonzalez.com\\\/#website\"},\"datePublished\":\"2023-02-14T23:19:51+00:00\",\"dateModified\":\"2023-02-14T23:36:52+00:00\",\"breadcrumb\":{\"@id\":\"https:\\\/\\\/doctorantoniogonzalez.com\\\/servicios\\\/cirugia-del-suelo-pelvico\\\/#breadcrumb\"},\"inLanguage\":\"en-GB\",\"potentialAction\":[{\"@type\":\"ReadAction\",\"target\":[\"https:\\\/\\\/doctorantoniogonzalez.com\\\/servicios\\\/cirugia-del-suelo-pelvico\\\/\"]}]},{\"@type\":\"BreadcrumbList\",\"@id\":\"https:\\\/\\\/doctorantoniogonzalez.com\\\/servicios\\\/cirugia-del-suelo-pelvico\\\/#breadcrumb\",\"itemListElement\":[{\"@type\":\"ListItem\",\"position\":1,\"name\":\"Portada\",\"item\":\"https:\\\/\\\/doctorantoniogonzalez.com\\\/\"},{\"@type\":\"ListItem\",\"position\":2,\"name\":\"Servicios\",\"item\":\"https:\\\/\\\/doctorantoniogonzalez.com\\\/servicios\\\/\"},{\"@type\":\"ListItem\",\"position\":3,\"name\":\"Cirug\u00eda del suelo p\u00e9lvico\"}]},{\"@type\":\"WebSite\",\"@id\":\"https:\\\/\\\/doctorantoniogonzalez.com\\\/#website\",\"url\":\"https:\\\/\\\/doctorantoniogonzalez.com\\\/\",\"name\":\"Doctor Gonz\u00e1lez\",\"description\":\"\",\"publisher\":{\"@id\":\"https:\\\/\\\/doctorantoniogonzalez.com\\\/#organization\"},\"potentialAction\":[{\"@type\":\"SearchAction\",\"target\":{\"@type\":\"EntryPoint\",\"urlTemplate\":\"https:\\\/\\\/doctorantoniogonzalez.com\\\/?s={search_term_string}\"},\"query-input\":{\"@type\":\"PropertyValueSpecification\",\"valueRequired\":true,\"valueName\":\"search_term_string\"}}],\"inLanguage\":\"en-GB\"},{\"@type\":\"Organization\",\"@id\":\"https:\\\/\\\/doctorantoniogonzalez.com\\\/#organization\",\"name\":\"Doctor Gonz\u00e1lez\",\"url\":\"https:\\\/\\\/doctorantoniogonzalez.com\\\/\",\"logo\":{\"@type\":\"ImageObject\",\"inLanguage\":\"en-GB\",\"@id\":\"https:\\\/\\\/doctorantoniogonzalez.com\\\/#\\\/schema\\\/logo\\\/image\\\/\",\"url\":\"https:\\\/\\\/doctorantoniogonzalez.com\\\/wp-content\\\/uploads\\\/2023\\\/01\\\/cropped-logo_dessw2sscostruidoRecurso-2.png\",\"contentUrl\":\"https:\\\/\\\/doctorantoniogonzalez.com\\\/wp-content\\\/uploads\\\/2023\\\/01\\\/cropped-logo_dessw2sscostruidoRecurso-2.png\",\"width\":450,\"height\":121,\"caption\":\"Doctor Gonz\u00e1lez\"},\"image\":{\"@id\":\"https:\\\/\\\/doctorantoniogonzalez.com\\\/#\\\/schema\\\/logo\\\/image\\\/\"}}]}<\/script>\n<!-- \/ Yoast SEO plugin. -->","yoast_head_json":{"title":"Pelvic floor surgery - Doctor Gonz\u00e1lez","robots":{"index":"index","follow":"follow","max-snippet":"max-snippet:-1","max-image-preview":"max-image-preview:large","max-video-preview":"max-video-preview:-1"},"canonical":"https:\/\/doctorantoniogonzalez.com\/en\/servicios\/cirugia-del-suelo-pelvico\/","og_locale":"en_GB","og_type":"article","og_title":"Cirug\u00eda del suelo p\u00e9lvico - Doctor Gonz\u00e1lez","og_description":"Cirug\u00eda del suelo p\u00e9lvico El embarazo, parto, posparto y menopausia tambi\u00e9n son factores que\u00a0da\u00f1an el suelo p\u00e9lvico, produciendo atrofia y sequedad vaginal. La patolog\u00eda del suelo p\u00e9lvico afecta fundamentalmente a las mujeres que han tenido hijos, siendo el parto traum\u00e1tico el principal factor de riesgo. Puede llegar a afectar de forma profunda a la calidad [&hellip;]","og_url":"https:\/\/doctorantoniogonzalez.com\/en\/servicios\/cirugia-del-suelo-pelvico\/","og_site_name":"Doctor Gonz\u00e1lez","article_modified_time":"2023-02-14T23:36:52+00:00","twitter_card":"summary_large_image","twitter_misc":{"Estimated reading time":"1 minute"},"schema":{"@context":"https:\/\/schema.org","@graph":[{"@type":"WebPage","@id":"https:\/\/doctorantoniogonzalez.com\/servicios\/cirugia-del-suelo-pelvico\/","url":"https:\/\/doctorantoniogonzalez.com\/servicios\/cirugia-del-suelo-pelvico\/","name":"Pelvic floor surgery - Doctor Gonz\u00e1lez","isPartOf":{"@id":"https:\/\/doctorantoniogonzalez.com\/#website"},"datePublished":"2023-02-14T23:19:51+00:00","dateModified":"2023-02-14T23:36:52+00:00","breadcrumb":{"@id":"https:\/\/doctorantoniogonzalez.com\/servicios\/cirugia-del-suelo-pelvico\/#breadcrumb"},"inLanguage":"en-GB","potentialAction":[{"@type":"ReadAction","target":["https:\/\/doctorantoniogonzalez.com\/servicios\/cirugia-del-suelo-pelvico\/"]}]},{"@type":"BreadcrumbList","@id":"https:\/\/doctorantoniogonzalez.com\/servicios\/cirugia-del-suelo-pelvico\/#breadcrumb","itemListElement":[{"@type":"ListItem","position":1,"name":"Portada","item":"https:\/\/doctorantoniogonzalez.com\/"},{"@type":"ListItem","position":2,"name":"Servicios","item":"https:\/\/doctorantoniogonzalez.com\/servicios\/"},{"@type":"ListItem","position":3,"name":"Cirug\u00eda del suelo p\u00e9lvico"}]},{"@type":"WebSite","@id":"https:\/\/doctorantoniogonzalez.com\/#website","url":"https:\/\/doctorantoniogonzalez.com\/","name":"Dr. Gonzalez","description":"","publisher":{"@id":"https:\/\/doctorantoniogonzalez.com\/#organization"},"potentialAction":[{"@type":"SearchAction","target":{"@type":"EntryPoint","urlTemplate":"https:\/\/doctorantoniogonzalez.com\/?s={search_term_string}"},"query-input":{"@type":"PropertyValueSpecification","valueRequired":true,"valueName":"search_term_string"}}],"inLanguage":"en-GB"},{"@type":"Organization","@id":"https:\/\/doctorantoniogonzalez.com\/#organization","name":"Dr. Gonzalez","url":"https:\/\/doctorantoniogonzalez.com\/","logo":{"@type":"ImageObject","inLanguage":"en-GB","@id":"https:\/\/doctorantoniogonzalez.com\/#\/schema\/logo\/image\/","url":"https:\/\/doctorantoniogonzalez.com\/wp-content\/uploads\/2023\/01\/cropped-logo_dessw2sscostruidoRecurso-2.png","contentUrl":"https:\/\/doctorantoniogonzalez.com\/wp-content\/uploads\/2023\/01\/cropped-logo_dessw2sscostruidoRecurso-2.png","width":450,"height":121,"caption":"Doctor Gonz\u00e1lez"},"image":{"@id":"https:\/\/doctorantoniogonzalez.com\/#\/schema\/logo\/image\/"}}]}},"_links":{"self":[{"href":"https:\/\/doctorantoniogonzalez.com\/en\/wp-json\/wp\/v2\/pages\/873","targetHints":{"allow":["GET"]}}],"collection":[{"href":"https:\/\/doctorantoniogonzalez.com\/en\/wp-json\/wp\/v2\/pages"}],"about":[{"href":"https:\/\/doctorantoniogonzalez.com\/en\/wp-json\/wp\/v2\/types\/page"}],"author":[{"embeddable":true,"href":"https:\/\/doctorantoniogonzalez.com\/en\/wp-json\/wp\/v2\/users\/1"}],"replies":[{"embeddable":true,"href":"https:\/\/doctorantoniogonzalez.com\/en\/wp-json\/wp\/v2\/comments?post=873"}],"version-history":[{"count":10,"href":"https:\/\/doctorantoniogonzalez.com\/en\/wp-json\/wp\/v2\/pages\/873\/revisions"}],"predecessor-version":[{"id":912,"href":"https:\/\/doctorantoniogonzalez.com\/en\/wp-json\/wp\/v2\/pages\/873\/revisions\/912"}],"up":[{"embeddable":true,"href":"https:\/\/doctorantoniogonzalez.com\/en\/wp-json\/wp\/v2\/pages\/687"}],"wp:attachment":[{"href":"https:\/\/doctorantoniogonzalez.com\/en\/wp-json\/wp\/v2\/media?parent=873"}],"curies":[{"name":"wp","href":"https:\/\/api.w.org\/{rel}","templated":true}]}}