{"id":995,"date":"2023-02-15T01:27:15","date_gmt":"2023-02-15T01:27:15","guid":{"rendered":"https:\/\/doctorantoniogonzalez.com\/?page_id=995"},"modified":"2023-02-15T01:48:53","modified_gmt":"2023-02-15T01:48:53","slug":"servcios-innovadores","status":"publish","type":"page","link":"https:\/\/doctorantoniogonzalez.com\/en\/servcios-innovadores\/","title":{"rendered":"Innovative services"},"content":{"rendered":"<div data-elementor-type=\"wp-page\" data-elementor-id=\"995\" class=\"elementor elementor-995\" data-elementor-post-type=\"page\">\n\t\t\t\t\t\t<section class=\"elementor-section elementor-top-section elementor-element elementor-element-3b30ba3b elementor-section-height-min-height elementor-section-items-stretch elementor-section-boxed elementor-section-height-default\" data-id=\"3b30ba3b\" data-element_type=\"section\" data-e-type=\"section\" data-settings=\"{&quot;background_background&quot;:&quot;classic&quot;}\">\n\t\t\t\t\t\t<div class=\"elementor-container elementor-column-gap-default\">\n\t\t\t\t\t<div class=\"elementor-column elementor-col-50 elementor-top-column elementor-element elementor-element-53c04de1\" data-id=\"53c04de1\" data-element_type=\"column\" data-e-type=\"column\">\n\t\t\t<div class=\"elementor-widget-wrap\">\n\t\t\t\t\t\t\t<\/div>\n\t\t<\/div>\n\t\t\t\t<div class=\"elementor-column elementor-col-50 elementor-top-column elementor-element elementor-element-e7d0cd5\" data-id=\"e7d0cd5\" data-element_type=\"column\" data-e-type=\"column\">\n\t\t\t<div class=\"elementor-widget-wrap elementor-element-populated\">\n\t\t\t\t\t\t<div class=\"elementor-element elementor-element-31231bcf elementor-widget elementor-widget-heading\" data-id=\"31231bcf\" data-element_type=\"widget\" data-e-type=\"widget\" data-widget_type=\"heading.default\">\n\t\t\t\t<div class=\"elementor-widget-container\">\n\t\t\t\t\t<h1 class=\"elementor-heading-title elementor-size-default\">Innovative services<\/h1>\t\t\t\t<\/div>\n\t\t\t\t<\/div>\n\t\t\t\t\t<\/div>\n\t\t<\/div>\n\t\t\t\t\t<\/div>\n\t\t<\/section>\n\t\t\t\t<section class=\"elementor-section elementor-top-section elementor-element elementor-element-6c488b40 elementor-section-boxed elementor-section-height-default elementor-section-height-default\" data-id=\"6c488b40\" data-element_type=\"section\" data-e-type=\"section\">\n\t\t\t\t\t\t<div class=\"elementor-container elementor-column-gap-default\">\n\t\t\t\t\t<div class=\"elementor-column elementor-col-25 elementor-top-column elementor-element elementor-element-b45ef61\" data-id=\"b45ef61\" data-element_type=\"column\" data-e-type=\"column\">\n\t\t\t<div class=\"elementor-widget-wrap elementor-element-populated\">\n\t\t\t\t\t\t<div class=\"elementor-element elementor-element-2ebe7aa elementor-cta--skin-classic elementor-animated-content elementor-bg-transform elementor-bg-transform-zoom-in elementor-widget elementor-widget-call-to-action\" data-id=\"2ebe7aa\" data-element_type=\"widget\" data-e-type=\"widget\" data-widget_type=\"call-to-action.default\">\n\t\t\t\t<div class=\"elementor-widget-container\">\n\t\t\t\t\t\t\t<div class=\"elementor-cta\">\n\t\t\t\t\t<div class=\"elementor-cta__bg-wrapper\">\n\t\t\t\t<div class=\"elementor-cta__bg elementor-bg\" style=\"background-image: url(https:\/\/doctorantoniogonzalez.com\/wp-content\/uploads\/2023\/02\/Laparo4.jpg);\" role=\"img\" aria-label=\"Laparo4\"><\/div>\n\t\t\t\t<div class=\"elementor-cta__bg-overlay\"><\/div>\n\t\t\t<\/div>\n\t\t\t\t\t\t\t<div class=\"elementor-cta__content\">\n\t\t\t\t\n\t\t\t\t\t\t\t\t\t<h2 class=\"elementor-cta__title elementor-cta__content-item elementor-content-item\">\n\t\t\t\t\t\tLaparoscopic Colon Cancer Surgery\t\t\t\t\t<\/h2>\n\t\t\t\t\n\t\t\t\t\t\t\t\t\t<div class=\"elementor-cta__description elementor-cta__content-item elementor-content-item\">\n\t\t\t\t\t\tLaparoscopic surgery for colon cancer is currently well standardised, avoids large laparotomies and their sequelae, allows the patient to recover more quickly and allows the surgeon to perform a more thorough surgery that respects the anatomical structures. The oncological results available today do not in any way contraindicate its use, as long as the operation is performed by an experienced surgeon.\t\t\t\t\t<\/div>\n\t\t\t\t\n\t\t\t\t\t\t\t<\/div>\n\t\t\t\t\t\t<\/div>\n\t\t\t\t\t\t<\/div>\n\t\t\t\t<\/div>\n\t\t\t\t\t<\/div>\n\t\t<\/div>\n\t\t\t\t<div class=\"elementor-column elementor-col-25 elementor-top-column elementor-element elementor-element-9f13806\" data-id=\"9f13806\" data-element_type=\"column\" data-e-type=\"column\">\n\t\t\t<div class=\"elementor-widget-wrap elementor-element-populated\">\n\t\t\t\t\t\t<div class=\"elementor-element elementor-element-43f62ae elementor-cta--skin-classic elementor-animated-content elementor-bg-transform elementor-bg-transform-zoom-in elementor-widget elementor-widget-call-to-action\" data-id=\"43f62ae\" data-element_type=\"widget\" data-e-type=\"widget\" data-widget_type=\"call-to-action.default\">\n\t\t\t\t<div class=\"elementor-widget-container\">\n\t\t\t\t\t\t\t<div class=\"elementor-cta\">\n\t\t\t\t\t<div class=\"elementor-cta__bg-wrapper\">\n\t\t\t\t<div class=\"elementor-cta__bg elementor-bg\" style=\"background-image: url(https:\/\/doctorantoniogonzalez.com\/wp-content\/uploads\/2023\/02\/Laparo2.jpg);\" role=\"img\" aria-label=\"Laparo2\"><\/div>\n\t\t\t\t<div class=\"elementor-cta__bg-overlay\"><\/div>\n\t\t\t<\/div>\n\t\t\t\t\t\t\t<div class=\"elementor-cta__content\">\n\t\t\t\t\n\t\t\t\t\t\t\t\t\t<h2 class=\"elementor-cta__title elementor-cta__content-item elementor-content-item\">\n\t\t\t\t\t\tMinimally invasive abdominal wall surgery\t\t\t\t\t<\/h2>\n\t\t\t\t\n\t\t\t\t\t\t\t\t\t<div class=\"elementor-cta__description elementor-cta__content-item elementor-content-item\">\n\t\t\t\t\t\tMinimally invasive abdominal wall surgery allows most abdominal wall hernias to be repaired through small incisions. The patient's recovery is much faster as there is less damage to the tissues. Despite its difficulty, numerous studies have demonstrated its advantages and safety when performed by an experienced surgeon with sufficient technical skills.\t\t\t\t\t<\/div>\n\t\t\t\t\n\t\t\t\t\t\t\t<\/div>\n\t\t\t\t\t\t<\/div>\n\t\t\t\t\t\t<\/div>\n\t\t\t\t<\/div>\n\t\t\t\t\t<\/div>\n\t\t<\/div>\n\t\t\t\t<div class=\"elementor-column elementor-col-25 elementor-top-column elementor-element elementor-element-f710127\" data-id=\"f710127\" data-element_type=\"column\" data-e-type=\"column\">\n\t\t\t<div class=\"elementor-widget-wrap elementor-element-populated\">\n\t\t\t\t\t\t<div class=\"elementor-element elementor-element-e221b5b elementor-cta--skin-classic elementor-animated-content elementor-bg-transform elementor-bg-transform-zoom-in elementor-widget elementor-widget-call-to-action\" data-id=\"e221b5b\" data-element_type=\"widget\" data-e-type=\"widget\" data-widget_type=\"call-to-action.default\">\n\t\t\t\t<div class=\"elementor-widget-container\">\n\t\t\t\t\t\t\t<div class=\"elementor-cta\">\n\t\t\t\t\t<div class=\"elementor-cta__bg-wrapper\">\n\t\t\t\t<div class=\"elementor-cta__bg elementor-bg\" style=\"background-image: url(https:\/\/doctorantoniogonzalez.com\/wp-content\/uploads\/2023\/02\/Laparo3.jpg);\" role=\"img\" aria-label=\"Laparo3\"><\/div>\n\t\t\t\t<div class=\"elementor-cta__bg-overlay\"><\/div>\n\t\t\t<\/div>\n\t\t\t\t\t\t\t<div class=\"elementor-cta__content\">\n\t\t\t\t\n\t\t\t\t\t\t\t\t\t<h2 class=\"elementor-cta__title elementor-cta__content-item elementor-content-item\">\n\t\t\t\t\t\tLaparoscopic transcystic exploration of the main biliary tract\t\t\t\t\t<\/h2>\n\t\t\t\t\n\t\t\t\t\t\t\t\t\t<div class=\"elementor-cta__description elementor-cta__content-item elementor-content-item\">\n\t\t\t\t\t\tThe presence of stones in the bile duct traditionally requires the use of an endoscope to access the bile duct, but this is a procedure that prolongs the hospital stay and can lead to severe complications. By using transcystic exploration of the bile duct, the bile duct can be explored and the lithiasis lodged in it safely removed at the same time as the biliary surgery. This avoids 2 procedures and allows for a faster and safer recovery.\t\t\t\t\t<\/div>\n\t\t\t\t\n\t\t\t\t\t\t\t<\/div>\n\t\t\t\t\t\t<\/div>\n\t\t\t\t\t\t<\/div>\n\t\t\t\t<\/div>\n\t\t\t\t\t<\/div>\n\t\t<\/div>\n\t\t\t\t<div class=\"elementor-column elementor-col-25 elementor-top-column elementor-element elementor-element-d543f20\" data-id=\"d543f20\" data-element_type=\"column\" data-e-type=\"column\">\n\t\t\t<div class=\"elementor-widget-wrap elementor-element-populated\">\n\t\t\t\t\t\t<div class=\"elementor-element elementor-element-38412af elementor-cta--skin-classic elementor-animated-content elementor-bg-transform elementor-bg-transform-zoom-in elementor-widget elementor-widget-call-to-action\" data-id=\"38412af\" data-element_type=\"widget\" data-e-type=\"widget\" data-widget_type=\"call-to-action.default\">\n\t\t\t\t<div class=\"elementor-widget-container\">\n\t\t\t\t\t\t\t<div class=\"elementor-cta\">\n\t\t\t\t\t<div class=\"elementor-cta__bg-wrapper\">\n\t\t\t\t<div class=\"elementor-cta__bg elementor-bg\" style=\"background-image: url(https:\/\/doctorantoniogonzalez.com\/wp-content\/uploads\/2023\/02\/Laparos1.jpg);\" role=\"img\" aria-label=\"Laparos1\"><\/div>\n\t\t\t\t<div class=\"elementor-cta__bg-overlay\"><\/div>\n\t\t\t<\/div>\n\t\t\t\t\t\t\t<div class=\"elementor-cta__content\">\n\t\t\t\t\n\t\t\t\t\t\t\t\t\t<h2 class=\"elementor-cta__title elementor-cta__content-item elementor-content-item\">\n\t\t\t\t\t\tMinimally invasive obesity surgery\t\t\t\t\t<\/h2>\n\t\t\t\t\n\t\t\t\t\t\t\t\t\t<div class=\"elementor-cta__description elementor-cta__content-item elementor-content-item\">\n\t\t\t\t\t\tMorbid obesity is a public health epidemic that causes numerous associated pathologies that seriously compromise the health and quality of life of those who suffer from it. It is well known that surgery is the only treatment that achieves adequate and sustained weight loss over time. It requires an adequate selection of candidates, a correct preparatory study, a careful surgical technique and a close postoperative follow-up both immediately and in the medium and long term. When performed by surgeons with adequate theoretical and technical training in a safe environment, it is a procedure that brings many health benefits to those who suffer from it.\t\t\t\t\t<\/div>\n\t\t\t\t\n\t\t\t\t\t\t\t<\/div>\n\t\t\t\t\t\t<\/div>\n\t\t\t\t\t\t<\/div>\n\t\t\t\t<\/div>\n\t\t\t\t\t<\/div>\n\t\t<\/div>\n\t\t\t\t\t<\/div>\n\t\t<\/section>\n\t\t\t\t<\/div>","protected":false},"excerpt":{"rendered":"<p>Servicios innovadores Cirug\u00eda Laparosc\u00f3pica del C\u00e1ncer de Colon La cirug\u00eda laparosc\u00f3pica del c\u00e1ncer de colon est\u00e1 actualmente bien estandarizada, evita las grandes laparotom\u00edas y sus secuelas, permite una m\u00e1s pronta recuperaci\u00f3n del paciente y permite al cirujano la realizaci\u00f3n de una cirug\u00eda m\u00e1s minuciosa y respetuosa de las estructuras anat\u00f3micas. Los resultados oncol\u00f3gicos disponibles al [&hellip;]<\/p>\n","protected":false},"author":1,"featured_media":0,"parent":0,"menu_order":0,"comment_status":"closed","ping_status":"closed","template":"","meta":{"footnotes":""},"class_list":["post-995","page","type-page","status-publish","hentry"],"yoast_head":"<!-- This site is optimized with the Yoast SEO plugin v27.4 - https:\/\/yoast.com\/product\/yoast-seo-wordpress\/ -->\n<title>Servcios innovadores - Doctor Gonz\u00e1lez<\/title>\n<meta name=\"robots\" content=\"index, follow, max-snippet:-1, max-image-preview:large, max-video-preview:-1\" \/>\n<link rel=\"canonical\" href=\"https:\/\/doctorantoniogonzalez.com\/en\/servcios-innovadores\/\" \/>\n<meta property=\"og:locale\" content=\"en_GB\" \/>\n<meta property=\"og:type\" content=\"article\" \/>\n<meta property=\"og:title\" content=\"Servcios innovadores - Doctor Gonz\u00e1lez\" \/>\n<meta property=\"og:description\" content=\"Servicios innovadores Cirug\u00eda Laparosc\u00f3pica del C\u00e1ncer de Colon La cirug\u00eda laparosc\u00f3pica del c\u00e1ncer de colon est\u00e1 actualmente bien estandarizada, evita las grandes laparotom\u00edas y sus secuelas, permite una m\u00e1s pronta recuperaci\u00f3n del paciente y permite al cirujano la realizaci\u00f3n de una cirug\u00eda m\u00e1s minuciosa y respetuosa de las estructuras anat\u00f3micas. Los resultados oncol\u00f3gicos disponibles al [&hellip;]\" \/>\n<meta property=\"og:url\" content=\"https:\/\/doctorantoniogonzalez.com\/en\/servcios-innovadores\/\" \/>\n<meta property=\"og:site_name\" content=\"Doctor Gonz\u00e1lez\" \/>\n<meta property=\"article:modified_time\" content=\"2023-02-15T01:48:53+00:00\" \/>\n<meta name=\"twitter:card\" content=\"summary_large_image\" \/>\n<meta name=\"twitter:label1\" content=\"Estimated reading time\" \/>\n\t<meta name=\"twitter:data1\" content=\"2 minutes\" \/>\n<script type=\"application\/ld+json\" class=\"yoast-schema-graph\">{\"@context\":\"https:\\\/\\\/schema.org\",\"@graph\":[{\"@type\":\"WebPage\",\"@id\":\"https:\\\/\\\/doctorantoniogonzalez.com\\\/servcios-innovadores\\\/\",\"url\":\"https:\\\/\\\/doctorantoniogonzalez.com\\\/servcios-innovadores\\\/\",\"name\":\"Servcios innovadores - Doctor Gonz\u00e1lez\",\"isPartOf\":{\"@id\":\"https:\\\/\\\/doctorantoniogonzalez.com\\\/#website\"},\"datePublished\":\"2023-02-15T01:27:15+00:00\",\"dateModified\":\"2023-02-15T01:48:53+00:00\",\"breadcrumb\":{\"@id\":\"https:\\\/\\\/doctorantoniogonzalez.com\\\/servcios-innovadores\\\/#breadcrumb\"},\"inLanguage\":\"en-GB\",\"potentialAction\":[{\"@type\":\"ReadAction\",\"target\":[\"https:\\\/\\\/doctorantoniogonzalez.com\\\/servcios-innovadores\\\/\"]}]},{\"@type\":\"BreadcrumbList\",\"@id\":\"https:\\\/\\\/doctorantoniogonzalez.com\\\/servcios-innovadores\\\/#breadcrumb\",\"itemListElement\":[{\"@type\":\"ListItem\",\"position\":1,\"name\":\"Portada\",\"item\":\"https:\\\/\\\/doctorantoniogonzalez.com\\\/\"},{\"@type\":\"ListItem\",\"position\":2,\"name\":\"Servcios innovadores\"}]},{\"@type\":\"WebSite\",\"@id\":\"https:\\\/\\\/doctorantoniogonzalez.com\\\/#website\",\"url\":\"https:\\\/\\\/doctorantoniogonzalez.com\\\/\",\"name\":\"Doctor Gonz\u00e1lez\",\"description\":\"\",\"publisher\":{\"@id\":\"https:\\\/\\\/doctorantoniogonzalez.com\\\/#organization\"},\"potentialAction\":[{\"@type\":\"SearchAction\",\"target\":{\"@type\":\"EntryPoint\",\"urlTemplate\":\"https:\\\/\\\/doctorantoniogonzalez.com\\\/?s={search_term_string}\"},\"query-input\":{\"@type\":\"PropertyValueSpecification\",\"valueRequired\":true,\"valueName\":\"search_term_string\"}}],\"inLanguage\":\"en-GB\"},{\"@type\":\"Organization\",\"@id\":\"https:\\\/\\\/doctorantoniogonzalez.com\\\/#organization\",\"name\":\"Doctor Gonz\u00e1lez\",\"url\":\"https:\\\/\\\/doctorantoniogonzalez.com\\\/\",\"logo\":{\"@type\":\"ImageObject\",\"inLanguage\":\"en-GB\",\"@id\":\"https:\\\/\\\/doctorantoniogonzalez.com\\\/#\\\/schema\\\/logo\\\/image\\\/\",\"url\":\"https:\\\/\\\/doctorantoniogonzalez.com\\\/wp-content\\\/uploads\\\/2023\\\/01\\\/cropped-logo_dessw2sscostruidoRecurso-2.png\",\"contentUrl\":\"https:\\\/\\\/doctorantoniogonzalez.com\\\/wp-content\\\/uploads\\\/2023\\\/01\\\/cropped-logo_dessw2sscostruidoRecurso-2.png\",\"width\":450,\"height\":121,\"caption\":\"Doctor Gonz\u00e1lez\"},\"image\":{\"@id\":\"https:\\\/\\\/doctorantoniogonzalez.com\\\/#\\\/schema\\\/logo\\\/image\\\/\"}}]}<\/script>\n<!-- \/ Yoast SEO plugin. -->","yoast_head_json":{"title":"Innovative services - Doctor Gonz\u00e1lez","robots":{"index":"index","follow":"follow","max-snippet":"max-snippet:-1","max-image-preview":"max-image-preview:large","max-video-preview":"max-video-preview:-1"},"canonical":"https:\/\/doctorantoniogonzalez.com\/en\/servcios-innovadores\/","og_locale":"en_GB","og_type":"article","og_title":"Servcios innovadores - Doctor Gonz\u00e1lez","og_description":"Servicios innovadores Cirug\u00eda Laparosc\u00f3pica del C\u00e1ncer de Colon La cirug\u00eda laparosc\u00f3pica del c\u00e1ncer de colon est\u00e1 actualmente bien estandarizada, evita las grandes laparotom\u00edas y sus secuelas, permite una m\u00e1s pronta recuperaci\u00f3n del paciente y permite al cirujano la realizaci\u00f3n de una cirug\u00eda m\u00e1s minuciosa y respetuosa de las estructuras anat\u00f3micas. Los resultados oncol\u00f3gicos disponibles al [&hellip;]","og_url":"https:\/\/doctorantoniogonzalez.com\/en\/servcios-innovadores\/","og_site_name":"Doctor Gonz\u00e1lez","article_modified_time":"2023-02-15T01:48:53+00:00","twitter_card":"summary_large_image","twitter_misc":{"Estimated reading time":"2 minutes"},"schema":{"@context":"https:\/\/schema.org","@graph":[{"@type":"WebPage","@id":"https:\/\/doctorantoniogonzalez.com\/servcios-innovadores\/","url":"https:\/\/doctorantoniogonzalez.com\/servcios-innovadores\/","name":"Innovative services - Doctor Gonz\u00e1lez","isPartOf":{"@id":"https:\/\/doctorantoniogonzalez.com\/#website"},"datePublished":"2023-02-15T01:27:15+00:00","dateModified":"2023-02-15T01:48:53+00:00","breadcrumb":{"@id":"https:\/\/doctorantoniogonzalez.com\/servcios-innovadores\/#breadcrumb"},"inLanguage":"en-GB","potentialAction":[{"@type":"ReadAction","target":["https:\/\/doctorantoniogonzalez.com\/servcios-innovadores\/"]}]},{"@type":"BreadcrumbList","@id":"https:\/\/doctorantoniogonzalez.com\/servcios-innovadores\/#breadcrumb","itemListElement":[{"@type":"ListItem","position":1,"name":"Portada","item":"https:\/\/doctorantoniogonzalez.com\/"},{"@type":"ListItem","position":2,"name":"Servcios innovadores"}]},{"@type":"WebSite","@id":"https:\/\/doctorantoniogonzalez.com\/#website","url":"https:\/\/doctorantoniogonzalez.com\/","name":"Dr. Gonzalez","description":"","publisher":{"@id":"https:\/\/doctorantoniogonzalez.com\/#organization"},"potentialAction":[{"@type":"SearchAction","target":{"@type":"EntryPoint","urlTemplate":"https:\/\/doctorantoniogonzalez.com\/?s={search_term_string}"},"query-input":{"@type":"PropertyValueSpecification","valueRequired":true,"valueName":"search_term_string"}}],"inLanguage":"en-GB"},{"@type":"Organization","@id":"https:\/\/doctorantoniogonzalez.com\/#organization","name":"Dr. Gonzalez","url":"https:\/\/doctorantoniogonzalez.com\/","logo":{"@type":"ImageObject","inLanguage":"en-GB","@id":"https:\/\/doctorantoniogonzalez.com\/#\/schema\/logo\/image\/","url":"https:\/\/doctorantoniogonzalez.com\/wp-content\/uploads\/2023\/01\/cropped-logo_dessw2sscostruidoRecurso-2.png","contentUrl":"https:\/\/doctorantoniogonzalez.com\/wp-content\/uploads\/2023\/01\/cropped-logo_dessw2sscostruidoRecurso-2.png","width":450,"height":121,"caption":"Doctor Gonz\u00e1lez"},"image":{"@id":"https:\/\/doctorantoniogonzalez.com\/#\/schema\/logo\/image\/"}}]}},"_links":{"self":[{"href":"https:\/\/doctorantoniogonzalez.com\/en\/wp-json\/wp\/v2\/pages\/995","targetHints":{"allow":["GET"]}}],"collection":[{"href":"https:\/\/doctorantoniogonzalez.com\/en\/wp-json\/wp\/v2\/pages"}],"about":[{"href":"https:\/\/doctorantoniogonzalez.com\/en\/wp-json\/wp\/v2\/types\/page"}],"author":[{"embeddable":true,"href":"https:\/\/doctorantoniogonzalez.com\/en\/wp-json\/wp\/v2\/users\/1"}],"replies":[{"embeddable":true,"href":"https:\/\/doctorantoniogonzalez.com\/en\/wp-json\/wp\/v2\/comments?post=995"}],"version-history":[{"count":17,"href":"https:\/\/doctorantoniogonzalez.com\/en\/wp-json\/wp\/v2\/pages\/995\/revisions"}],"predecessor-version":[{"id":1016,"href":"https:\/\/doctorantoniogonzalez.com\/en\/wp-json\/wp\/v2\/pages\/995\/revisions\/1016"}],"wp:attachment":[{"href":"https:\/\/doctorantoniogonzalez.com\/en\/wp-json\/wp\/v2\/media?parent=995"}],"curies":[{"name":"wp","href":"https:\/\/api.w.org\/{rel}","templated":true}]}}